{"id":7640,"date":"2025-10-06T17:29:54","date_gmt":"2025-10-06T21:29:54","guid":{"rendered":"https:\/\/cuameeting.org\/saskatoon\/"},"modified":"2025-10-20T11:47:26","modified_gmt":"2025-10-20T15:47:26","slug":"saskatoon","status":"publish","type":"page","link":"https:\/\/cuameeting.org\/fr\/saskatoon\/","title":{"rendered":"Saskatoon"},"content":{"rendered":"\t\t<div data-elementor-type=\"wp-page\" data-elementor-id=\"7640\" class=\"elementor elementor-7640 elementor-7573\" data-elementor-post-type=\"page\">\n\t\t\t\t\t\t<section class=\"elementor-section elementor-top-section elementor-element elementor-element-6a48b73 elementor-section-full_width elementor-section-height-default elementor-section-height-default\" data-id=\"6a48b73\" data-element_type=\"section\" data-settings=\"{&quot;background_background&quot;:&quot;classic&quot;,&quot;background_motion_fx_motion_fx_scrolling&quot;:&quot;yes&quot;,&quot;background_motion_fx_translateY_effect&quot;:&quot;yes&quot;,&quot;background_motion_fx_translateY_speed&quot;:{&quot;unit&quot;:&quot;px&quot;,&quot;size&quot;:4,&quot;sizes&quot;:[]},&quot;background_motion_fx_translateY_affectedRange&quot;:{&quot;unit&quot;:&quot;%&quot;,&quot;size&quot;:&quot;&quot;,&quot;sizes&quot;:{&quot;start&quot;:0,&quot;end&quot;:100}},&quot;background_motion_fx_devices&quot;:[&quot;desktop&quot;,&quot;tablet&quot;,&quot;mobile&quot;]}\">\n\t\t\t\t\t\t\t<div class=\"elementor-background-overlay\"><\/div>\n\t\t\t\t\t\t\t<div class=\"elementor-container elementor-column-gap-no\">\n\t\t\t\t\t<div class=\"elementor-column elementor-col-100 elementor-top-column elementor-element elementor-element-4fafa84\" data-id=\"4fafa84\" data-element_type=\"column\">\n\t\t\t<div class=\"elementor-widget-wrap elementor-element-populated\">\n\t\t\t\t\t\t<div class=\"elementor-element elementor-element-c8130dd elementor-invisible elementor-widget elementor-widget-heading\" data-id=\"c8130dd\" data-element_type=\"widget\" data-settings=\"{&quot;_animation&quot;:&quot;fadeInUp&quot;}\" data-widget_type=\"heading.default\">\n\t\t\t\t<div class=\"elementor-widget-container\">\n\t\t\t<style>\/*! elementor - v3.19.0 - 29-01-2024 *\/\n.elementor-heading-title{padding:0;margin:0;line-height:1}.elementor-widget-heading .elementor-heading-title[class*=elementor-size-]>a{color:inherit;font-size:inherit;line-height:inherit}.elementor-widget-heading .elementor-heading-title.elementor-size-small{font-size:15px}.elementor-widget-heading .elementor-heading-title.elementor-size-medium{font-size:19px}.elementor-widget-heading .elementor-heading-title.elementor-size-large{font-size:29px}.elementor-widget-heading .elementor-heading-title.elementor-size-xl{font-size:39px}.elementor-widget-heading .elementor-heading-title.elementor-size-xxl{font-size:59px}<\/style><h1 class=\"elementor-heading-title elementor-size-default\">Saskatoon<\/h1>\t\t<\/div>\n\t\t\t\t<\/div>\n\t\t\t\t\t<\/div>\n\t\t<\/div>\n\t\t\t\t\t<\/div>\n\t\t<\/section>\n\t\t\t\t<section class=\"elementor-section elementor-top-section elementor-element elementor-element-724cc88 elementor-section-boxed elementor-section-height-default elementor-section-height-default\" data-id=\"724cc88\" data-element_type=\"section\">\n\t\t\t\t\t\t<div class=\"elementor-container elementor-column-gap-default\">\n\t\t\t\t\t<div class=\"elementor-column elementor-col-100 elementor-top-column elementor-element elementor-element-be4d670\" data-id=\"be4d670\" data-element_type=\"column\">\n\t\t\t<div class=\"elementor-widget-wrap elementor-element-populated\">\n\t\t\t\t\t\t<div class=\"elementor-element elementor-element-adbbf6d elementor-widget elementor-widget-heading\" data-id=\"adbbf6d\" data-element_type=\"widget\" data-widget_type=\"heading.default\">\n\t\t\t\t<div class=\"elementor-widget-container\">\n\t\t\t<h3 class=\"elementor-heading-title elementor-size-default\">D\u00e9couvrez Saskatoon<\/h3>\t\t<\/div>\n\t\t\t\t<\/div>\n\t\t\t\t\t<\/div>\n\t\t<\/div>\n\t\t\t\t\t<\/div>\n\t\t<\/section>\n\t\t\t\t<section class=\"elementor-section elementor-top-section elementor-element elementor-element-bc0967b elementor-section-boxed elementor-section-height-default elementor-section-height-default\" data-id=\"bc0967b\" data-element_type=\"section\">\n\t\t\t\t\t\t<div class=\"elementor-container elementor-column-gap-default\">\n\t\t\t\t\t<div class=\"elementor-column elementor-col-100 elementor-top-column elementor-element elementor-element-106a686\" data-id=\"106a686\" data-element_type=\"column\">\n\t\t\t<div class=\"elementor-widget-wrap elementor-element-populated\">\n\t\t\t\t\t\t<div class=\"elementor-element elementor-element-c4f403f elementor-arrows-position-inside elementor-pagination-position-outside elementor-widget elementor-widget-image-carousel\" data-id=\"c4f403f\" data-element_type=\"widget\" data-settings=\"{&quot;slides_to_show&quot;:&quot;1&quot;,&quot;effect&quot;:&quot;fade&quot;,&quot;speed&quot;:300,&quot;navigation&quot;:&quot;both&quot;,&quot;autoplay&quot;:&quot;yes&quot;,&quot;pause_on_hover&quot;:&quot;yes&quot;,&quot;pause_on_interaction&quot;:&quot;yes&quot;,&quot;autoplay_speed&quot;:5000,&quot;infinite&quot;:&quot;yes&quot;}\" data-widget_type=\"image-carousel.default\">\n\t\t\t\t<div class=\"elementor-widget-container\">\n\t\t\t<style>\/*! elementor - v3.19.0 - 29-01-2024 *\/\n.elementor-widget-image-carousel .swiper,.elementor-widget-image-carousel .swiper-container{position:static}.elementor-widget-image-carousel .swiper-container .swiper-slide figure,.elementor-widget-image-carousel .swiper .swiper-slide figure{line-height:inherit}.elementor-widget-image-carousel .swiper-slide{text-align:center}.elementor-image-carousel-wrapper:not(.swiper-container-initialized):not(.swiper-initialized) .swiper-slide{max-width:calc(100% \/ var(--e-image-carousel-slides-to-show, 3))}<\/style>\t\t<div class=\"elementor-image-carousel-wrapper swiper-container\" dir=\"ltr\">\n\t\t\t<div class=\"elementor-image-carousel swiper-wrapper swiper-image-stretch\" aria-live=\"off\">\n\t\t\t\t\t\t\t\t<div class=\"swiper-slide\" role=\"group\" aria-roledescription=\"slide\" aria-label=\"1 sur 14\"><figure class=\"swiper-slide-inner\"><img decoding=\"async\" class=\"swiper-slide-image\" src=\"https:\/\/cuameeting.org\/wp-content\/uploads\/2025\/10\/Saskatoon-14-french.jpg\" alt=\"Saskatoon 14 french\" \/><\/figure><\/div><div class=\"swiper-slide\" role=\"group\" aria-roledescription=\"slide\" aria-label=\"2 sur 14\"><figure class=\"swiper-slide-inner\"><img decoding=\"async\" class=\"swiper-slide-image\" src=\"https:\/\/cuameeting.org\/wp-content\/uploads\/2025\/10\/Saskatoon-3-French.jpg\" alt=\"Saskatoon 3 French\" \/><\/figure><\/div><div class=\"swiper-slide\" role=\"group\" aria-roledescription=\"slide\" aria-label=\"3 sur 14\"><figure class=\"swiper-slide-inner\"><img decoding=\"async\" class=\"swiper-slide-image\" src=\"https:\/\/cuameeting.org\/wp-content\/uploads\/2025\/10\/Saskatoon-2-french.jpg\" alt=\"Saskatoon 2 french\" \/><\/figure><\/div><div class=\"swiper-slide\" role=\"group\" aria-roledescription=\"slide\" aria-label=\"4 sur 14\"><figure class=\"swiper-slide-inner\"><img decoding=\"async\" class=\"swiper-slide-image\" src=\"https:\/\/cuameeting.org\/wp-content\/uploads\/2025\/10\/Saskatoon-13-french.jpg\" alt=\"Saskatoon 13 french\" \/><\/figure><\/div><div class=\"swiper-slide\" role=\"group\" aria-roledescription=\"slide\" aria-label=\"5 sur 14\"><figure class=\"swiper-slide-inner\"><img decoding=\"async\" class=\"swiper-slide-image\" src=\"https:\/\/cuameeting.org\/wp-content\/uploads\/2025\/10\/Saskatoon-1-French.jpg\" alt=\"Saskatoon 1 French\" \/><\/figure><\/div><div class=\"swiper-slide\" role=\"group\" aria-roledescription=\"slide\" aria-label=\"6 sur 14\"><figure class=\"swiper-slide-inner\"><img decoding=\"async\" class=\"swiper-slide-image\" src=\"https:\/\/cuameeting.org\/wp-content\/uploads\/2025\/10\/Saskatoon-12-french.jpg\" alt=\"Saskatoon 12 french\" \/><\/figure><\/div><div class=\"swiper-slide\" role=\"group\" aria-roledescription=\"slide\" aria-label=\"7 sur 14\"><figure class=\"swiper-slide-inner\"><img decoding=\"async\" class=\"swiper-slide-image\" src=\"https:\/\/cuameeting.org\/wp-content\/uploads\/2025\/10\/Saskatoon-11-French.jpg\" alt=\"Saskatoon 11 French\" \/><\/figure><\/div><div class=\"swiper-slide\" role=\"group\" aria-roledescription=\"slide\" aria-label=\"8 sur 14\"><figure class=\"swiper-slide-inner\"><img decoding=\"async\" class=\"swiper-slide-image\" src=\"https:\/\/cuameeting.org\/wp-content\/uploads\/2025\/10\/Saskatoon-10-French.jpg\" alt=\"Saskatoon 10 French\" \/><\/figure><\/div><div class=\"swiper-slide\" role=\"group\" aria-roledescription=\"slide\" aria-label=\"9 sur 14\"><figure class=\"swiper-slide-inner\"><img decoding=\"async\" class=\"swiper-slide-image\" src=\"https:\/\/cuameeting.org\/wp-content\/uploads\/2025\/10\/Saskatoon-9-French.jpg\" alt=\"Saskatoon 9 French\" \/><\/figure><\/div><div class=\"swiper-slide\" role=\"group\" aria-roledescription=\"slide\" aria-label=\"10 sur 14\"><figure class=\"swiper-slide-inner\"><img decoding=\"async\" class=\"swiper-slide-image\" src=\"https:\/\/cuameeting.org\/wp-content\/uploads\/2025\/10\/Saskatoon-4-french.jpg\" alt=\"Saskatoon 4 french\" \/><\/figure><\/div><div class=\"swiper-slide\" role=\"group\" aria-roledescription=\"slide\" aria-label=\"11 sur 14\"><figure class=\"swiper-slide-inner\"><img decoding=\"async\" class=\"swiper-slide-image\" src=\"https:\/\/cuameeting.org\/wp-content\/uploads\/2025\/10\/Saskatoon-5-French.jpg\" alt=\"Saskatoon 5 French\" \/><\/figure><\/div><div class=\"swiper-slide\" role=\"group\" aria-roledescription=\"slide\" aria-label=\"12 sur 14\"><figure class=\"swiper-slide-inner\"><img decoding=\"async\" class=\"swiper-slide-image\" src=\"https:\/\/cuameeting.org\/wp-content\/uploads\/2025\/10\/Saskatoon-6-French.jpg\" alt=\"Saskatoon 6 French\" \/><\/figure><\/div><div class=\"swiper-slide\" role=\"group\" aria-roledescription=\"slide\" aria-label=\"13 sur 14\"><figure class=\"swiper-slide-inner\"><img decoding=\"async\" class=\"swiper-slide-image\" src=\"https:\/\/cuameeting.org\/wp-content\/uploads\/2025\/10\/Saskatoon-7-French.jpg\" alt=\"Saskatoon 7 French\" \/><\/figure><\/div><div class=\"swiper-slide\" role=\"group\" aria-roledescription=\"slide\" aria-label=\"14 sur 14\"><figure class=\"swiper-slide-inner\"><img decoding=\"async\" class=\"swiper-slide-image\" src=\"https:\/\/cuameeting.org\/wp-content\/uploads\/2025\/10\/Saskatoon-8-French.jpg\" alt=\"Saskatoon 8 French\" \/><\/figure><\/div>\t\t\t<\/div>\n\t\t\t\t\t\t\t\t\t\t\t\t<div class=\"elementor-swiper-button elementor-swiper-button-prev\" role=\"button\" tabindex=\"0\">\n\t\t\t\t\t\t<i aria-hidden=\"true\" class=\"eicon-chevron-left\"><\/i>\t\t\t\t\t<\/div>\n\t\t\t\t\t<div class=\"elementor-swiper-button elementor-swiper-button-next\" role=\"button\" tabindex=\"0\">\n\t\t\t\t\t\t<i aria-hidden=\"true\" class=\"eicon-chevron-right\"><\/i>\t\t\t\t\t<\/div>\n\t\t\t\t\n\t\t\t\t\t\t\t\t\t<div class=\"swiper-pagination\"><\/div>\n\t\t\t\t\t\t\t\t\t<\/div>\n\t\t\t\t<\/div>\n\t\t\t\t<\/div>\n\t\t\t\t\t<\/div>\n\t\t<\/div>\n\t\t\t\t\t<\/div>\n\t\t<\/section>\n\t\t\t\t<section class=\"elementor-section elementor-top-section elementor-element elementor-element-03700f8 elementor-section-boxed elementor-section-height-default elementor-section-height-default\" data-id=\"03700f8\" data-element_type=\"section\">\n\t\t\t\t\t\t<div class=\"elementor-container elementor-column-gap-default\">\n\t\t\t\t\t<div class=\"elementor-column elementor-col-100 elementor-top-column elementor-element elementor-element-a6b9b72\" data-id=\"a6b9b72\" data-element_type=\"column\">\n\t\t\t<div class=\"elementor-widget-wrap elementor-element-populated\">\n\t\t\t\t\t\t<div class=\"elementor-element elementor-element-828fff0 elementor-widget elementor-widget-text-editor\" data-id=\"828fff0\" data-element_type=\"widget\" data-widget_type=\"text-editor.default\">\n\t\t\t\t<div class=\"elementor-widget-container\">\n\t\t\t<style>\/*! elementor - v3.19.0 - 29-01-2024 *\/\n.elementor-widget-text-editor.elementor-drop-cap-view-stacked .elementor-drop-cap{background-color:#69727d;color:#fff}.elementor-widget-text-editor.elementor-drop-cap-view-framed .elementor-drop-cap{color:#69727d;border:3px solid;background-color:transparent}.elementor-widget-text-editor:not(.elementor-drop-cap-view-default) .elementor-drop-cap{margin-top:8px}.elementor-widget-text-editor:not(.elementor-drop-cap-view-default) .elementor-drop-cap-letter{width:1em;height:1em}.elementor-widget-text-editor .elementor-drop-cap{float:left;text-align:center;line-height:1;font-size:50px}.elementor-widget-text-editor .elementor-drop-cap-letter{display:inline-block}<\/style>\t\t\t\t<p>La CUA vous emm\u00e8ne \u00e0 Saskatoon, alors en route pour le Saskatooning ! Voici quelques faits int\u00e9ressants et amusants sur Saskatoon, qui accueillera la 81<sup>e<\/sup> AUC du 27 au 29 juin 2026.<\/p>\n\t\t\t\t\t\t<\/div>\n\t\t\t\t<\/div>\n\t\t\t\t<div class=\"elementor-element elementor-element-8c3b0f3 elementor-widget elementor-widget-text-editor\" data-id=\"8c3b0f3\" data-element_type=\"widget\" data-widget_type=\"text-editor.default\">\n\t\t\t\t<div class=\"elementor-widget-container\">\n\t\t\t\t\t\t\t<p>#SASKATOONING, PLAISIR EN FAMILLE ET EXPLORATION DE LA VILLE !<\/p>\n<p>Saskatoon a toujours \u00e9t\u00e9 un lieu de rassemblement \u2014 un endroit o\u00f9 les liens se resserrent et o\u00f9 la communaut\u00e9 se r\u00e9unit. Un centre urbain dynamique aux portes de merveilles naturelles \u00e0 couper le souffle. Un lieu o\u00f9 la culture contemporaine c\u00f4toie une histoire autochtone vieille de plus de 11 000 ans. Ici, vous d\u00e9couvrirez la convivialit\u00e9 et la connexion, partagerez les histoires de la terre et retrouverez votre \u00e9merveillement sous les ciels vivants. Commencez \u00e0 planifier votre aventure \u00e0 Saskatoon <a class=\"my-link\" href=\"https:\/\/www.discoversaskatoon.com\/\">ici<\/a>.<\/p>\n<p>#Saskatooing en \u00e9t\u00e9, c\u2019est synonyme de terrains de jeux, de jeux d\u2019eau et de sentiers le long de la rivi\u00e8re, qui offrent d\u2019innombrables occasions de s\u2019amuser et de partir \u00e0 l\u2019aventure. Nos h\u00f4tels familiaux accueillants offrent un v\u00e9ritable chez-soi pour les parents comme pour les enfants.<\/p>\n<p>Il existe de merveilleuses fa\u00e7ons d\u2019explorer la ville de Saskatoon et le sentier de la vall\u00e9e de Meewasin, avec ses pr\u00e8s de 80 km de parcours sinueux qui promettent l\u2019aventure. Le sentier longe les deux rives de la rivi\u00e8re Saskatchewan Sud, o\u00f9 vous pouvez faire du v\u00e9lo, courir ou simplement vous promener. Une fa\u00e7on vraiment amusante de d\u00e9couvrir la ville est sur deux roues ; ajoutez une dose d\u2019air frais et de soleil \u00e0 votre aventure \u00e0 Saskatoon gr\u00e2ce \u00e0 la location de v\u00e9los ou de trottinettes. La ville offre de nombreuses options de location. <a class=\"my-link\" href=\"http:\/\/or\">Consultez la carte compl\u00e8te des sentiers<\/a>.<\/p>\n<p>Saskatoon est une ville d\u00e9bordante d\u2019imagination, de cr\u00e9ativit\u00e9 et de culture. Dirigez-vous vers le quartier Broadway, situ\u00e9 au c\u0153ur de Nutana. Ce quartier artistique et pi\u00e9tonnier, \u00e0 la fois cr\u00e9atif et commercial, abrite certaines des meilleures boutiques, tables et soir\u00e9es de la ville.<\/p>\n<p>La ville se distingue \u00e9galement par sa sc\u00e8ne culinaire diversifi\u00e9e et en plein essor. De nombreux restaurants de Saskatoon font parler d\u2019eux \u00e0 l\u2019\u00e9chelle nationale.<\/p>\n<p>Restaurant Hearth :<br \/>\nSitu\u00e9 au Remai Modern, Hearth met l\u2019accent sur une cuisine simple et originale, et figure parmi les 100 meilleurs restaurants au Canada.<\/p>\n<p>Little Grouse on the Prairie :<br \/>\nCe restaurant italien haut de gamme, dirig\u00e9 par Dale MacKay (gagnant de Top Chef Canada), offre une cuisine ouverte et un cadre \u00e9l\u00e9gant.<\/p>\n<p>CUT Casual Steak Tap :<br \/>\nUn steakhouse du centre-ville de Saskatoon qui allie parfaitement les exp\u00e9riences culinaires classiques et contemporaines.<\/p>\n<p>St. Tropez Bistro :<br \/>\nUn charmant bistro du centre-ville de Saskatoon, reconnu pour sa longue histoire et son utilisation d\u2019ingr\u00e9dients frais et locaux.<\/p>\n<p>Odla :<br \/>\nCe restaurant met en valeur le concept de la ferme \u00e0 la table, avec des plats servis \u00e0 partager.<\/p>\n<p>Taverna Italian Kitchen + Bar :<br \/>\nRestaurant embl\u00e9matique de Saskatoon, la Taverna est r\u00e9put\u00e9e pour ses plats italiens rustiques et authentiques.<\/p>\n<p>Joignez-vous \u00e0 nous cette ann\u00e9e, d\u00e9couvrez Saskatoon et en route pour le #Saskatooning !<\/p>\n<p style=\"font-weight: bold;\"><a class=\"my-link\" href=\"https:\/\/www.discoversaskatoon.com\/\">Cliquez ici<\/a> pour commencer \u00e0 explorer Saskatoon et obtenir votre <a class=\"my-link\" href=\"https:\/\/www.discoversaskatoon.com\/plan-your-trip\/visitors-guide\/explore-visitor-guide\">guide \u00e9lectronique du visiteur<\/a>.<\/p>\n<p style=\"font-weight: bold;\">N\u2019oubliez pas de vous procurer vos <a class=\"my-link\" href=\"https:\/\/www.discoversaskatoon.com\/offers-deals\/saskatooning-passes\">Saskatooning Passes<\/a><br \/>\nD\u00e9verrouillez le meilleur de Saskatoon directement depuis votre t\u00e9l\u00e9phone intelligent.<\/p>\n<p>Nos passes gratuites #Saskatooning vous donnent acc\u00e8s \u00e0 des offres exclusives, des privil\u00e8ges et des \u00e9conomies sur les meilleurs restaurants, activit\u00e9s, attractions et aventures de la ville. Il s\u2019agit d\u2019une occasion de marketing exclusive offerte aux membres et partenaires de Discover Saskatoon.<\/p>\n\t\t\t\t\t\t<\/div>\n\t\t\t\t<\/div>\n\t\t\t\t\t<\/div>\n\t\t<\/div>\n\t\t\t\t\t<\/div>\n\t\t<\/section>\n\t\t\t\t<\/div>\n\t\t","protected":false},"excerpt":{"rendered":"<p>Saskatoon D\u00e9couvrez Saskatoon La CUA vous emm\u00e8ne \u00e0 Saskatoon, alors en route pour le Saskatooning ! Voici quelques faits int\u00e9ressants et amusants sur Saskatoon, qui accueillera la 81e AUC du 27 au 29 juin 2026. #SASKATOONING, PLAISIR EN FAMILLE ET EXPLORATION DE LA VILLE ! Saskatoon a toujours \u00e9t\u00e9 un lieu de rassemblement \u2014 un [&hellip;]<\/p>\n","protected":false},"author":3,"featured_media":0,"parent":0,"menu_order":0,"comment_status":"closed","ping_status":"closed","template":"elementor_header_footer","meta":{"footnotes":""},"class_list":["post-7640","page","type-page","status-publish","hentry"],"_links":{"self":[{"href":"https:\/\/cuameeting.org\/fr\/wp-json\/wp\/v2\/pages\/7640","targetHints":{"allow":["GET"]}}],"collection":[{"href":"https:\/\/cuameeting.org\/fr\/wp-json\/wp\/v2\/pages"}],"about":[{"href":"https:\/\/cuameeting.org\/fr\/wp-json\/wp\/v2\/types\/page"}],"author":[{"embeddable":true,"href":"https:\/\/cuameeting.org\/fr\/wp-json\/wp\/v2\/users\/3"}],"replies":[{"embeddable":true,"href":"https:\/\/cuameeting.org\/fr\/wp-json\/wp\/v2\/comments?post=7640"}],"version-history":[{"count":7,"href":"https:\/\/cuameeting.org\/fr\/wp-json\/wp\/v2\/pages\/7640\/revisions"}],"predecessor-version":[{"id":7713,"href":"https:\/\/cuameeting.org\/fr\/wp-json\/wp\/v2\/pages\/7640\/revisions\/7713"}],"wp:attachment":[{"href":"https:\/\/cuameeting.org\/fr\/wp-json\/wp\/v2\/media?parent=7640"}],"curies":[{"name":"wp","href":"https:\/\/api.w.org\/{rel}","templated":true}]}}