{"id":5866,"date":"2024-11-27T16:42:49","date_gmt":"2024-11-27T20:42:49","guid":{"rendered":"https:\/\/cuameeting.org\/services-a-la-famille\/"},"modified":"2026-04-01T17:08:28","modified_gmt":"2026-04-01T21:08:28","slug":"services-a-la-famille","status":"publish","type":"page","link":"https:\/\/cuameeting.org\/fr\/services-a-la-famille\/","title":{"rendered":"Services \u00e0 la famille"},"content":{"rendered":"\t\t<div data-elementor-type=\"wp-page\" data-elementor-id=\"5866\" class=\"elementor elementor-5866 elementor-5721\" data-elementor-post-type=\"page\">\n\t\t\t\t\t\t<section class=\"elementor-section elementor-top-section elementor-element elementor-element-1ade4c0 elementor-section-full_width elementor-section-content-top elementor-section-height-default elementor-section-height-default\" data-id=\"1ade4c0\" data-element_type=\"section\" data-settings=\"{&quot;background_background&quot;:&quot;classic&quot;,&quot;background_motion_fx_motion_fx_scrolling&quot;:&quot;yes&quot;,&quot;background_motion_fx_translateY_effect&quot;:&quot;yes&quot;,&quot;background_motion_fx_translateY_speed&quot;:{&quot;unit&quot;:&quot;px&quot;,&quot;size&quot;:4,&quot;sizes&quot;:[]},&quot;background_motion_fx_translateY_affectedRange&quot;:{&quot;unit&quot;:&quot;%&quot;,&quot;size&quot;:&quot;&quot;,&quot;sizes&quot;:{&quot;start&quot;:0,&quot;end&quot;:100}},&quot;background_motion_fx_devices&quot;:[&quot;desktop&quot;,&quot;tablet&quot;,&quot;mobile&quot;]}\">\n\t\t\t\t\t\t\t<div class=\"elementor-background-overlay\"><\/div>\n\t\t\t\t\t\t\t<div class=\"elementor-container elementor-column-gap-no\">\n\t\t\t\t\t<div class=\"elementor-column elementor-col-100 elementor-top-column elementor-element elementor-element-d2df055\" data-id=\"d2df055\" data-element_type=\"column\">\n\t\t\t<div class=\"elementor-widget-wrap elementor-element-populated\">\n\t\t\t\t\t\t<div class=\"elementor-element elementor-element-5649a53 elementor-invisible elementor-widget elementor-widget-heading\" data-id=\"5649a53\" data-element_type=\"widget\" data-settings=\"{&quot;_animation&quot;:&quot;fadeInUp&quot;}\" data-widget_type=\"heading.default\">\n\t\t\t\t<div class=\"elementor-widget-container\">\n\t\t\t<style>\/*! elementor - v3.19.0 - 29-01-2024 *\/\n.elementor-heading-title{padding:0;margin:0;line-height:1}.elementor-widget-heading .elementor-heading-title[class*=elementor-size-]>a{color:inherit;font-size:inherit;line-height:inherit}.elementor-widget-heading .elementor-heading-title.elementor-size-small{font-size:15px}.elementor-widget-heading .elementor-heading-title.elementor-size-medium{font-size:19px}.elementor-widget-heading .elementor-heading-title.elementor-size-large{font-size:29px}.elementor-widget-heading .elementor-heading-title.elementor-size-xl{font-size:39px}.elementor-widget-heading .elementor-heading-title.elementor-size-xxl{font-size:59px}<\/style><h1 class=\"elementor-heading-title elementor-size-default\"><h1 style=\"color: white;\">Services \u00e0 la famille<\/h1><\/h1>\t\t<\/div>\n\t\t\t\t<\/div>\n\t\t\t\t\t<\/div>\n\t\t<\/div>\n\t\t\t\t\t<\/div>\n\t\t<\/section>\n\t\t\t\t<section class=\"elementor-section elementor-top-section elementor-element elementor-element-0810be2 elementor-section-boxed elementor-section-height-default elementor-section-height-default\" data-id=\"0810be2\" data-element_type=\"section\">\n\t\t\t\t\t\t<div class=\"elementor-container elementor-column-gap-default\">\n\t\t\t\t\t<div class=\"elementor-column elementor-col-100 elementor-top-column elementor-element elementor-element-bcc3d0d\" data-id=\"bcc3d0d\" data-element_type=\"column\">\n\t\t\t<div class=\"elementor-widget-wrap elementor-element-populated\">\n\t\t\t\t\t\t<div class=\"elementor-element elementor-element-671ce29 elementor-widget elementor-widget-image\" data-id=\"671ce29\" data-element_type=\"widget\" data-widget_type=\"image.default\">\n\t\t\t\t<div class=\"elementor-widget-container\">\n\t\t\t<style>\/*! elementor - v3.19.0 - 29-01-2024 *\/\n.elementor-widget-image{text-align:center}.elementor-widget-image a{display:inline-block}.elementor-widget-image a img[src$=\".svg\"]{width:48px}.elementor-widget-image img{vertical-align:middle;display:inline-block}<\/style>\t\t\t\t\t\t\t\t\t\t<img fetchpriority=\"high\" decoding=\"async\" width=\"2207\" height=\"1091\" src=\"https:\/\/cuameeting.org\/wp-content\/uploads\/2025\/12\/UROCAre-FR.jpg\" class=\"attachment-full size-full wp-image-7777\" alt=\"\" srcset=\"https:\/\/cuameeting.org\/wp-content\/uploads\/2025\/12\/UROCAre-FR.jpg 2207w, https:\/\/cuameeting.org\/wp-content\/uploads\/2025\/12\/UROCAre-FR-300x148.jpg 300w, https:\/\/cuameeting.org\/wp-content\/uploads\/2025\/12\/UROCAre-FR-1024x506.jpg 1024w, https:\/\/cuameeting.org\/wp-content\/uploads\/2025\/12\/UROCAre-FR-768x380.jpg 768w, https:\/\/cuameeting.org\/wp-content\/uploads\/2025\/12\/UROCAre-FR-1536x759.jpg 1536w, https:\/\/cuameeting.org\/wp-content\/uploads\/2025\/12\/UROCAre-FR-2048x1012.jpg 2048w\" sizes=\"(max-width: 2207px) 100vw, 2207px\" \/>\t\t\t\t\t\t\t\t\t\t\t\t\t<\/div>\n\t\t\t\t<\/div>\n\t\t\t\t\t<\/div>\n\t\t<\/div>\n\t\t\t\t\t<\/div>\n\t\t<\/section>\n\t\t\t\t<section class=\"elementor-section elementor-top-section elementor-element elementor-element-6bbfb80 elementor-section-boxed elementor-section-height-default elementor-section-height-default\" data-id=\"6bbfb80\" data-element_type=\"section\">\n\t\t\t\t\t\t<div class=\"elementor-container elementor-column-gap-default\">\n\t\t\t\t\t<div class=\"elementor-column elementor-col-100 elementor-top-column elementor-element elementor-element-163d321\" data-id=\"163d321\" data-element_type=\"column\">\n\t\t\t<div class=\"elementor-widget-wrap elementor-element-populated\">\n\t\t\t\t\t\t<div class=\"elementor-element elementor-element-4d691b1 elementor-widget elementor-widget-html\" data-id=\"4d691b1\" data-element_type=\"widget\" data-widget_type=\"html.default\">\n\t\t\t\t<div class=\"elementor-widget-container\">\n\t\t\t<!DOCTYPE html>\r\n<html lang=\"fr\">\r\n<head>\r\n    <meta charset=\"UTF-8\">\r\n    <title>Services aux familles \u2013 NOUVEAUT\u00c9 cette ann\u00e9e !<\/title>\r\n    <style>\r\n        body {\r\n            font-family: Arial, sans-serif;\r\n            margin: 20px;\r\n            line-height: 1.6;\r\n        }\r\n        h2, h3 {\r\n            color: #2a4d69;\r\n        }\r\n        ul {\r\n            list-style-type: disc;\r\n            margin-left: 20px;\r\n        }\r\n        .contact {\r\n            margin-top: 20px;\r\n        }\r\n    <\/style>\r\n<\/head>\r\n<body>\r\n\r\n    <h2>Le service URO-Garde de l\u2019AUC sera de retour en 2026\u00a0!<\/h2>\r\n\r\n    <h3>Centre pour enfants URO-Garde de l\u2019AUC\u00a0:<\/h3>\r\n    <p>Notre grande famille AUC s\u2019agrandit\u00a0! L\u2019\u00e9quipe du bureau national de l\u2019AUC prendra soin de votre famille.<\/p>\r\n    <p>Pendant toute la dur\u00e9e de la R\u00e9union annuelle, l\u2019AUC offrira un espace s\u00e9curitaire o\u00f9 vous pourrez laisser vos enfants pour quelques heures pendant que vous assistez aux s\u00e9ances scientifiques ou aux activit\u00e9s de r\u00e9seautage. Tout notre personnel est form\u00e9 en gardiennage et en RCR.<\/p>\r\n    <p>Deux emplacements seront disponibles cette ann\u00e9e, le samedi 27 juin, le dimanche 28 juin et le lundi 29 juin\u00a0:<\/p>\r\n    \r\n    <ul>\r\n        <li>De jour\u00a0: au TCU Place, lieu des s\u00e9ances scientifiques de l\u2019AUC 2026<\/li>\r\n        <li>En soir\u00e9e\u00a0: au Delta Saskatoon Downtown, h\u00f4tel principal de l\u2019AUC 2026<\/li>\r\n    <\/ul>\r\n\r\n    <h4 class=\"hidden-temp\">Horaire du Centre pour enfants URO-Care \u2013 Inscription obligatoire \/ aucun d\u00e9p\u00f4t sans r\u00e9servation<\/h4>\r\n    <ul class=\"hidden-temp\">\r\n        <li><strong>Vendredi 27 juin<\/strong>\r\n            <ul>\r\n                <li>Bloc\u00a0#1\u00a0: 09\u00a0h\u00a000 \u2013 12\u00a0h\u00a000<\/li>\r\n                <li>Bloc\u00a0#2\u00a0: 13\u00a0h\u00a000 \u2013 17\u00a0h\u00a000<\/li>\r\n                <li>Bloc\u00a0#3\u00a0: 18\u00a0h\u00a030 \u2013 21\u00a0h\u00a030<\/li>\r\n            <\/ul>\r\n        <\/li>\r\n        <li><strong>Samedi 28 juin<\/strong>\r\n            <ul>\r\n                <li>Bloc\u00a0#1\u00a0: 08\u00a0h\u00a000 \u2013 12\u00a0h\u00a000<\/li>\r\n                <li>Bloc\u00a0#2\u00a0: 13\u00a0h\u00a000 \u2013 17\u00a0h\u00a030<\/li>\r\n                <li>Bloc\u00a0#3\u00a0: 20\u00a0h\u00a030 \u2013 23\u00a0h\u00a030<\/li>\r\n            <\/ul>\r\n        <\/li>\r\n        <li><strong>Dimanche 29 juin<\/strong>\r\n            <ul>\r\n                <li>Bloc\u00a0#1\u00a0: 07\u00a0h\u00a000 \u2013 12\u00a0h\u00a000<\/li>\r\n                <li>Bloc\u00a0#2\u00a0: 13\u00a0h\u00a000 \u2013 17\u00a0h\u00a015<\/li>\r\n                <li>Bloc\u00a0#3\u00a0: 19\u00a0h\u00a000 \u2013 22\u00a0h\u00a000<\/li>\r\n            <\/ul>\r\n        <\/li>\r\n    <\/ul>\r\n\r\n    <h4>\u00c2ge et exigences\u00a0:<\/h4>\r\n    <p>Nous accueillerons les enfants \u00e2g\u00e9s de <strong>2 \u00e0 16\u00a0ans<\/strong>. Les enfants doivent \u00eatre <strong>propres (toilette autonome)<\/strong>.<\/p>\r\n\r\n    <h4>Frais de r\u00e9servation\u00a0:<\/h4>\r\n    <p>Un frais de r\u00e9servation de <strong>25,00\u00a0$ par bloc \/ par enfant<\/strong> (non remboursable) doit \u00eatre pay\u00e9 avant le d\u00e9p\u00f4t. Cela nous aide \u00e0 planifier le personnel. Le ratio encadrant-enfants est de <strong>1 membre du personnel pour 4 enfants (maximum)<\/strong>.<\/p>\r\n\r\n<\/body>\r\n<\/html>\r\n\t\t<\/div>\n\t\t\t\t<\/div>\n\t\t\t\t<div class=\"elementor-element elementor-element-fdea616 elementor-button-info elementor-align-center elementor-widget elementor-widget-button\" data-id=\"fdea616\" data-element_type=\"widget\" data-widget_type=\"button.default\">\n\t\t\t\t<div class=\"elementor-widget-container\">\n\t\t\t\t\t<div class=\"elementor-button-wrapper\">\n\t\t\t<a class=\"elementor-button elementor-size-sm\" role=\"button\">\n\t\t\t\t\t\t<span class=\"elementor-button-content-wrapper\">\n\t\t\t\t\t\t<span class=\"elementor-button-icon elementor-align-icon-left\">\n\t\t\t\t<i aria-hidden=\"true\" class=\"fas fa-download\"><\/i>\t\t\t<\/span>\n\t\t\t\t\t\t<span class=\"elementor-button-text\">Formulaire d'inscription bient\u00f4t disponible<\/span>\n\t\t<\/span>\n\t\t\t\t\t<\/a>\n\t\t<\/div>\n\t\t\t\t<\/div>\n\t\t\t\t<\/div>\n\t\t\t\t\t<\/div>\n\t\t<\/div>\n\t\t\t\t\t<\/div>\n\t\t<\/section>\n\t\t\t\t<section class=\"elementor-section elementor-top-section elementor-element elementor-element-7ac1074 elementor-section-boxed elementor-section-height-default elementor-section-height-default\" data-id=\"7ac1074\" data-element_type=\"section\">\n\t\t\t\t\t\t<div class=\"elementor-container elementor-column-gap-default\">\n\t\t\t\t\t<div class=\"elementor-column elementor-col-100 elementor-top-column elementor-element elementor-element-1290e6c\" data-id=\"1290e6c\" data-element_type=\"column\">\n\t\t\t<div class=\"elementor-widget-wrap elementor-element-populated\">\n\t\t\t\t\t\t<div class=\"elementor-element elementor-element-cd9af60 elementor-widget-divider--view-line elementor-widget elementor-widget-divider\" data-id=\"cd9af60\" data-element_type=\"widget\" data-widget_type=\"divider.default\">\n\t\t\t\t<div class=\"elementor-widget-container\">\n\t\t\t<style>\/*! elementor - v3.19.0 - 29-01-2024 *\/\n.elementor-widget-divider{--divider-border-style:none;--divider-border-width:1px;--divider-color:#0c0d0e;--divider-icon-size:20px;--divider-element-spacing:10px;--divider-pattern-height:24px;--divider-pattern-size:20px;--divider-pattern-url:none;--divider-pattern-repeat:repeat-x}.elementor-widget-divider .elementor-divider{display:flex}.elementor-widget-divider .elementor-divider__text{font-size:15px;line-height:1;max-width:95%}.elementor-widget-divider .elementor-divider__element{margin:0 var(--divider-element-spacing);flex-shrink:0}.elementor-widget-divider .elementor-icon{font-size:var(--divider-icon-size)}.elementor-widget-divider .elementor-divider-separator{display:flex;margin:0;direction:ltr}.elementor-widget-divider--view-line_icon .elementor-divider-separator,.elementor-widget-divider--view-line_text .elementor-divider-separator{align-items:center}.elementor-widget-divider--view-line_icon .elementor-divider-separator:after,.elementor-widget-divider--view-line_icon .elementor-divider-separator:before,.elementor-widget-divider--view-line_text .elementor-divider-separator:after,.elementor-widget-divider--view-line_text .elementor-divider-separator:before{display:block;content:\"\";border-block-end:0;flex-grow:1;border-block-start:var(--divider-border-width) var(--divider-border-style) var(--divider-color)}.elementor-widget-divider--element-align-left .elementor-divider .elementor-divider-separator>.elementor-divider__svg:first-of-type{flex-grow:0;flex-shrink:100}.elementor-widget-divider--element-align-left .elementor-divider-separator:before{content:none}.elementor-widget-divider--element-align-left .elementor-divider__element{margin-left:0}.elementor-widget-divider--element-align-right .elementor-divider .elementor-divider-separator>.elementor-divider__svg:last-of-type{flex-grow:0;flex-shrink:100}.elementor-widget-divider--element-align-right .elementor-divider-separator:after{content:none}.elementor-widget-divider--element-align-right .elementor-divider__element{margin-right:0}.elementor-widget-divider--element-align-start .elementor-divider .elementor-divider-separator>.elementor-divider__svg:first-of-type{flex-grow:0;flex-shrink:100}.elementor-widget-divider--element-align-start .elementor-divider-separator:before{content:none}.elementor-widget-divider--element-align-start .elementor-divider__element{margin-inline-start:0}.elementor-widget-divider--element-align-end .elementor-divider .elementor-divider-separator>.elementor-divider__svg:last-of-type{flex-grow:0;flex-shrink:100}.elementor-widget-divider--element-align-end .elementor-divider-separator:after{content:none}.elementor-widget-divider--element-align-end .elementor-divider__element{margin-inline-end:0}.elementor-widget-divider:not(.elementor-widget-divider--view-line_text):not(.elementor-widget-divider--view-line_icon) .elementor-divider-separator{border-block-start:var(--divider-border-width) var(--divider-border-style) var(--divider-color)}.elementor-widget-divider--separator-type-pattern{--divider-border-style:none}.elementor-widget-divider--separator-type-pattern.elementor-widget-divider--view-line .elementor-divider-separator,.elementor-widget-divider--separator-type-pattern:not(.elementor-widget-divider--view-line) .elementor-divider-separator:after,.elementor-widget-divider--separator-type-pattern:not(.elementor-widget-divider--view-line) .elementor-divider-separator:before,.elementor-widget-divider--separator-type-pattern:not([class*=elementor-widget-divider--view]) .elementor-divider-separator{width:100%;min-height:var(--divider-pattern-height);-webkit-mask-size:var(--divider-pattern-size) 100%;mask-size:var(--divider-pattern-size) 100%;-webkit-mask-repeat:var(--divider-pattern-repeat);mask-repeat:var(--divider-pattern-repeat);background-color:var(--divider-color);-webkit-mask-image:var(--divider-pattern-url);mask-image:var(--divider-pattern-url)}.elementor-widget-divider--no-spacing{--divider-pattern-size:auto}.elementor-widget-divider--bg-round{--divider-pattern-repeat:round}.rtl .elementor-widget-divider .elementor-divider__text{direction:rtl}.e-con-inner>.elementor-widget-divider,.e-con>.elementor-widget-divider{width:var(--container-widget-width,100%);--flex-grow:var(--container-widget-flex-grow)}<\/style>\t\t<div class=\"elementor-divider\">\n\t\t\t<span class=\"elementor-divider-separator\">\n\t\t\t\t\t\t<\/span>\n\t\t<\/div>\n\t\t\t\t<\/div>\n\t\t\t\t<\/div>\n\t\t\t\t<div class=\"elementor-element elementor-element-af27fde elementor-widget elementor-widget-text-editor\" data-id=\"af27fde\" data-element_type=\"widget\" data-widget_type=\"text-editor.default\">\n\t\t\t\t<div class=\"elementor-widget-container\">\n\t\t\t<style>\/*! elementor - v3.19.0 - 29-01-2024 *\/\n.elementor-widget-text-editor.elementor-drop-cap-view-stacked .elementor-drop-cap{background-color:#69727d;color:#fff}.elementor-widget-text-editor.elementor-drop-cap-view-framed .elementor-drop-cap{color:#69727d;border:3px solid;background-color:transparent}.elementor-widget-text-editor:not(.elementor-drop-cap-view-default) .elementor-drop-cap{margin-top:8px}.elementor-widget-text-editor:not(.elementor-drop-cap-view-default) .elementor-drop-cap-letter{width:1em;height:1em}.elementor-widget-text-editor .elementor-drop-cap{float:left;text-align:center;line-height:1;font-size:50px}.elementor-widget-text-editor .elementor-drop-cap-letter{display:inline-block}<\/style>\t\t\t\t<p>Pr\u00e9voyez-vous d\u2019amener votre famille \u00e0 Saskatoon pour la R\u00e9union Annuelle de l&rsquo;AUC ? Nous avons des id\u00e9es fantastiques pour divertir les enfants !<\/p>\t\t\t\t\t\t<\/div>\n\t\t\t\t<\/div>\n\t\t\t\t<div class=\"elementor-element elementor-element-96a208e elementor-align-center elementor-widget elementor-widget-button\" data-id=\"96a208e\" data-element_type=\"widget\" data-widget_type=\"button.default\">\n\t\t\t\t<div class=\"elementor-widget-container\">\n\t\t\t\t\t<div class=\"elementor-button-wrapper\">\n\t\t\t<a class=\"elementor-button elementor-size-md\" role=\"button\">\n\t\t\t\t\t\t<span class=\"elementor-button-content-wrapper\">\n\t\t\t\t\t\t<span class=\"elementor-button-icon elementor-align-icon-left\">\n\t\t\t\t<i aria-hidden=\"true\" class=\"far fa-arrow-alt-circle-right\"><\/i>\t\t\t<\/span>\n\t\t\t\t\t\t<span class=\"elementor-button-text\">\u00c0 venir<\/span>\n\t\t<\/span>\n\t\t\t\t\t<\/a>\n\t\t<\/div>\n\t\t\t\t<\/div>\n\t\t\t\t<\/div>\n\t\t\t\t\t<\/div>\n\t\t<\/div>\n\t\t\t\t\t<\/div>\n\t\t<\/section>\n\t\t\t\t<\/div>\n\t\t","protected":false},"excerpt":{"rendered":"<p>Services \u00e0 la famille Services aux familles \u2013 NOUVEAUT\u00c9 cette ann\u00e9e ! Le service URO-Garde de l\u2019AUC sera de retour en 2026\u00a0! Centre pour enfants URO-Garde de l\u2019AUC\u00a0: Notre grande famille AUC s\u2019agrandit\u00a0! L\u2019\u00e9quipe du bureau national de l\u2019AUC prendra soin de votre famille. Pendant toute la dur\u00e9e de la R\u00e9union annuelle, l\u2019AUC offrira un [&hellip;]<\/p>\n","protected":false},"author":3,"featured_media":0,"parent":0,"menu_order":0,"comment_status":"closed","ping_status":"closed","template":"elementor_header_footer","meta":{"footnotes":""},"class_list":["post-5866","page","type-page","status-publish","hentry"],"_links":{"self":[{"href":"https:\/\/cuameeting.org\/fr\/wp-json\/wp\/v2\/pages\/5866","targetHints":{"allow":["GET"]}}],"collection":[{"href":"https:\/\/cuameeting.org\/fr\/wp-json\/wp\/v2\/pages"}],"about":[{"href":"https:\/\/cuameeting.org\/fr\/wp-json\/wp\/v2\/types\/page"}],"author":[{"embeddable":true,"href":"https:\/\/cuameeting.org\/fr\/wp-json\/wp\/v2\/users\/3"}],"replies":[{"embeddable":true,"href":"https:\/\/cuameeting.org\/fr\/wp-json\/wp\/v2\/comments?post=5866"}],"version-history":[{"count":69,"href":"https:\/\/cuameeting.org\/fr\/wp-json\/wp\/v2\/pages\/5866\/revisions"}],"predecessor-version":[{"id":8160,"href":"https:\/\/cuameeting.org\/fr\/wp-json\/wp\/v2\/pages\/5866\/revisions\/8160"}],"wp:attachment":[{"href":"https:\/\/cuameeting.org\/fr\/wp-json\/wp\/v2\/media?parent=5866"}],"curies":[{"name":"wp","href":"https:\/\/api.w.org\/{rel}","templated":true}]}}