{"id":1182,"date":"2022-10-25T14:40:25","date_gmt":"2022-10-25T18:40:25","guid":{"rendered":"https:\/\/cuameeting.org\/commanditaires-exposants\/"},"modified":"2026-04-22T18:37:47","modified_gmt":"2026-04-22T22:37:47","slug":"commanditaires-exposants","status":"publish","type":"page","link":"https:\/\/cuameeting.org\/fr\/commanditaires-exposants\/","title":{"rendered":"Commanditaires &#038; Exposants"},"content":{"rendered":"\t\t<div data-elementor-type=\"wp-page\" data-elementor-id=\"1182\" class=\"elementor elementor-1182 elementor-1175\" data-elementor-post-type=\"page\">\n\t\t\t\t\t\t<section class=\"elementor-section elementor-top-section elementor-element elementor-element-f54bd82 elementor-section-full_width elementor-section-height-default elementor-section-height-default\" data-id=\"f54bd82\" data-element_type=\"section\" data-settings=\"{&quot;background_background&quot;:&quot;classic&quot;,&quot;background_motion_fx_motion_fx_scrolling&quot;:&quot;yes&quot;,&quot;background_motion_fx_translateY_effect&quot;:&quot;yes&quot;,&quot;background_motion_fx_translateY_speed&quot;:{&quot;unit&quot;:&quot;px&quot;,&quot;size&quot;:4,&quot;sizes&quot;:[]},&quot;background_motion_fx_translateY_affectedRange&quot;:{&quot;unit&quot;:&quot;%&quot;,&quot;size&quot;:&quot;&quot;,&quot;sizes&quot;:{&quot;start&quot;:0,&quot;end&quot;:100}},&quot;background_motion_fx_devices&quot;:[&quot;desktop&quot;,&quot;tablet&quot;,&quot;mobile&quot;]}\">\n\t\t\t\t\t\t\t<div class=\"elementor-background-overlay\"><\/div>\n\t\t\t\t\t\t\t<div class=\"elementor-container elementor-column-gap-no\">\n\t\t\t\t\t<div class=\"elementor-column elementor-col-100 elementor-top-column elementor-element elementor-element-c7ebe29\" data-id=\"c7ebe29\" data-element_type=\"column\">\n\t\t\t<div class=\"elementor-widget-wrap elementor-element-populated\">\n\t\t\t\t\t\t<div class=\"elementor-element elementor-element-4b119cf elementor-invisible elementor-widget elementor-widget-heading\" data-id=\"4b119cf\" data-element_type=\"widget\" data-settings=\"{&quot;_animation&quot;:&quot;fadeInUp&quot;}\" data-widget_type=\"heading.default\">\n\t\t\t\t<div class=\"elementor-widget-container\">\n\t\t\t<style>\/*! elementor - v3.19.0 - 29-01-2024 *\/\n.elementor-heading-title{padding:0;margin:0;line-height:1}.elementor-widget-heading .elementor-heading-title[class*=elementor-size-]>a{color:inherit;font-size:inherit;line-height:inherit}.elementor-widget-heading .elementor-heading-title.elementor-size-small{font-size:15px}.elementor-widget-heading .elementor-heading-title.elementor-size-medium{font-size:19px}.elementor-widget-heading .elementor-heading-title.elementor-size-large{font-size:29px}.elementor-widget-heading .elementor-heading-title.elementor-size-xl{font-size:39px}.elementor-widget-heading .elementor-heading-title.elementor-size-xxl{font-size:59px}<\/style><h1 class=\"elementor-heading-title elementor-size-default\"><h1 data-elementor-setting-key=\"title\" data-pen-placeholder=\"Type Here...\" spellcheck=\"false\" aria-label=\"To enrich screen reader interactions, please activate Accessibility in Grammarly extension settings\" style=\"font-family: Questrial, sans-serif; font-weight: 900; line-height: 48px; color: rgb(255, 255, 255); font-size: 48px; outline-style: initial; outline-width: 0px; text-transform: none; font-style: normal; letter-spacing: -3px; word-spacing: 0px;\">Commanditaires &amp; Exposants<\/h1><\/h1>\t\t<\/div>\n\t\t\t\t<\/div>\n\t\t\t\t\t<\/div>\n\t\t<\/div>\n\t\t\t\t\t<\/div>\n\t\t<\/section>\n\t\t\t\t<section class=\"elementor-section elementor-top-section elementor-element elementor-element-11fb405 elementor-section-content-middle elementor-section-boxed elementor-section-height-default elementor-section-height-default\" data-id=\"11fb405\" data-element_type=\"section\" data-settings=\"{&quot;background_background&quot;:&quot;classic&quot;}\">\n\t\t\t\t\t\t<div class=\"elementor-container elementor-column-gap-default\">\n\t\t\t\t\t<div class=\"elementor-column elementor-col-100 elementor-top-column elementor-element elementor-element-b8974f4\" data-id=\"b8974f4\" data-element_type=\"column\">\n\t\t\t<div class=\"elementor-widget-wrap elementor-element-populated\">\n\t\t\t\t\t\t<div class=\"elementor-element elementor-element-ad21a65 elementor-widget__width-initial elementor-widget elementor-widget-text-editor\" data-id=\"ad21a65\" data-element_type=\"widget\" data-widget_type=\"text-editor.default\">\n\t\t\t\t<div class=\"elementor-widget-container\">\n\t\t\t<style>\/*! elementor - v3.19.0 - 29-01-2024 *\/\n.elementor-widget-text-editor.elementor-drop-cap-view-stacked .elementor-drop-cap{background-color:#69727d;color:#fff}.elementor-widget-text-editor.elementor-drop-cap-view-framed .elementor-drop-cap{color:#69727d;border:3px solid;background-color:transparent}.elementor-widget-text-editor:not(.elementor-drop-cap-view-default) .elementor-drop-cap{margin-top:8px}.elementor-widget-text-editor:not(.elementor-drop-cap-view-default) .elementor-drop-cap-letter{width:1em;height:1em}.elementor-widget-text-editor .elementor-drop-cap{float:left;text-align:center;line-height:1;font-size:50px}.elementor-widget-text-editor .elementor-drop-cap-letter{display:inline-block}<\/style>\t\t\t\t<h3>Heures d\u2019ouverture de la salle d\u2019exposition\u00a0:<\/h3><p><strong>Samedi 27 juin 2026 \/\/ 08 h 00 \u2013 17 h 00<\/strong><br \/><strong>Dimanche 28 juin 2026 \/\/ 07 h 30 \u2013 16 h 45<\/strong><\/p>\t\t\t\t\t\t<\/div>\n\t\t\t\t<\/div>\n\t\t\t\t\t<\/div>\n\t\t<\/div>\n\t\t\t\t\t<\/div>\n\t\t<\/section>\n\t\t\t\t<section class=\"elementor-section elementor-top-section elementor-element elementor-element-841ba92 elementor-section-boxed elementor-section-height-default elementor-section-height-default\" data-id=\"841ba92\" data-element_type=\"section\">\n\t\t\t\t\t\t<div class=\"elementor-container elementor-column-gap-default\">\n\t\t\t\t\t<div class=\"elementor-column elementor-col-100 elementor-top-column elementor-element elementor-element-2051f69\" data-id=\"2051f69\" data-element_type=\"column\">\n\t\t\t<div class=\"elementor-widget-wrap elementor-element-populated\">\n\t\t\t\t\t\t<div class=\"elementor-element elementor-element-3f98ec7 elementor-widget-divider--separator-type-pattern elementor-widget-divider--view-line elementor-widget elementor-widget-divider\" data-id=\"3f98ec7\" data-element_type=\"widget\" data-widget_type=\"divider.default\">\n\t\t\t\t<div class=\"elementor-widget-container\">\n\t\t\t<style>\/*! elementor - v3.19.0 - 29-01-2024 *\/\n.elementor-widget-divider{--divider-border-style:none;--divider-border-width:1px;--divider-color:#0c0d0e;--divider-icon-size:20px;--divider-element-spacing:10px;--divider-pattern-height:24px;--divider-pattern-size:20px;--divider-pattern-url:none;--divider-pattern-repeat:repeat-x}.elementor-widget-divider .elementor-divider{display:flex}.elementor-widget-divider .elementor-divider__text{font-size:15px;line-height:1;max-width:95%}.elementor-widget-divider .elementor-divider__element{margin:0 var(--divider-element-spacing);flex-shrink:0}.elementor-widget-divider .elementor-icon{font-size:var(--divider-icon-size)}.elementor-widget-divider .elementor-divider-separator{display:flex;margin:0;direction:ltr}.elementor-widget-divider--view-line_icon .elementor-divider-separator,.elementor-widget-divider--view-line_text .elementor-divider-separator{align-items:center}.elementor-widget-divider--view-line_icon .elementor-divider-separator:after,.elementor-widget-divider--view-line_icon .elementor-divider-separator:before,.elementor-widget-divider--view-line_text .elementor-divider-separator:after,.elementor-widget-divider--view-line_text .elementor-divider-separator:before{display:block;content:\"\";border-block-end:0;flex-grow:1;border-block-start:var(--divider-border-width) var(--divider-border-style) var(--divider-color)}.elementor-widget-divider--element-align-left .elementor-divider .elementor-divider-separator>.elementor-divider__svg:first-of-type{flex-grow:0;flex-shrink:100}.elementor-widget-divider--element-align-left .elementor-divider-separator:before{content:none}.elementor-widget-divider--element-align-left .elementor-divider__element{margin-left:0}.elementor-widget-divider--element-align-right .elementor-divider .elementor-divider-separator>.elementor-divider__svg:last-of-type{flex-grow:0;flex-shrink:100}.elementor-widget-divider--element-align-right .elementor-divider-separator:after{content:none}.elementor-widget-divider--element-align-right .elementor-divider__element{margin-right:0}.elementor-widget-divider--element-align-start .elementor-divider .elementor-divider-separator>.elementor-divider__svg:first-of-type{flex-grow:0;flex-shrink:100}.elementor-widget-divider--element-align-start .elementor-divider-separator:before{content:none}.elementor-widget-divider--element-align-start .elementor-divider__element{margin-inline-start:0}.elementor-widget-divider--element-align-end .elementor-divider .elementor-divider-separator>.elementor-divider__svg:last-of-type{flex-grow:0;flex-shrink:100}.elementor-widget-divider--element-align-end .elementor-divider-separator:after{content:none}.elementor-widget-divider--element-align-end .elementor-divider__element{margin-inline-end:0}.elementor-widget-divider:not(.elementor-widget-divider--view-line_text):not(.elementor-widget-divider--view-line_icon) .elementor-divider-separator{border-block-start:var(--divider-border-width) var(--divider-border-style) var(--divider-color)}.elementor-widget-divider--separator-type-pattern{--divider-border-style:none}.elementor-widget-divider--separator-type-pattern.elementor-widget-divider--view-line .elementor-divider-separator,.elementor-widget-divider--separator-type-pattern:not(.elementor-widget-divider--view-line) .elementor-divider-separator:after,.elementor-widget-divider--separator-type-pattern:not(.elementor-widget-divider--view-line) .elementor-divider-separator:before,.elementor-widget-divider--separator-type-pattern:not([class*=elementor-widget-divider--view]) .elementor-divider-separator{width:100%;min-height:var(--divider-pattern-height);-webkit-mask-size:var(--divider-pattern-size) 100%;mask-size:var(--divider-pattern-size) 100%;-webkit-mask-repeat:var(--divider-pattern-repeat);mask-repeat:var(--divider-pattern-repeat);background-color:var(--divider-color);-webkit-mask-image:var(--divider-pattern-url);mask-image:var(--divider-pattern-url)}.elementor-widget-divider--no-spacing{--divider-pattern-size:auto}.elementor-widget-divider--bg-round{--divider-pattern-repeat:round}.rtl .elementor-widget-divider .elementor-divider__text{direction:rtl}.e-con-inner>.elementor-widget-divider,.e-con>.elementor-widget-divider{width:var(--container-widget-width,100%);--flex-grow:var(--container-widget-flex-grow)}<\/style>\t\t<div class=\"elementor-divider\" style=\"--divider-pattern-url: url(&quot;data:image\/svg+xml,%3Csvg xmlns=&#039;http:\/\/www.w3.org\/2000\/svg&#039; preserveAspectRatio=&#039;none&#039; overflow=&#039;visible&#039; height=&#039;100%&#039; viewBox=&#039;0 0 20 16&#039; fill=&#039;none&#039; stroke=&#039;black&#039; stroke-width=&#039;1.5&#039; stroke-linecap=&#039;square&#039; stroke-miterlimit=&#039;10&#039;%3E%3Cg transform=&#039;translate(-12.000000, 0)&#039;%3E%3Cpath d=&#039;M28,0L10,18&#039;\/%3E%3Cpath d=&#039;M18,0L0,18&#039;\/%3E%3Cpath d=&#039;M48,0L30,18&#039;\/%3E%3Cpath d=&#039;M38,0L20,18&#039;\/%3E%3C\/g%3E%3C\/svg%3E&quot;);\">\n\t\t\t<span class=\"elementor-divider-separator\">\n\t\t\t\t\t\t<\/span>\n\t\t<\/div>\n\t\t\t\t<\/div>\n\t\t\t\t<\/div>\n\t\t\t\t\t<\/div>\n\t\t<\/div>\n\t\t\t\t\t<\/div>\n\t\t<\/section>\n\t\t\t\t<section class=\"elementor-section elementor-top-section elementor-element elementor-element-33086f2 elementor-section-full_width elementor-section-height-default elementor-section-height-default\" data-id=\"33086f2\" data-element_type=\"section\">\n\t\t\t\t\t\t<div class=\"elementor-container elementor-column-gap-default\">\n\t\t\t\t\t<div class=\"elementor-column elementor-col-100 elementor-top-column elementor-element elementor-element-f8ef558\" data-id=\"f8ef558\" data-element_type=\"column\">\n\t\t\t<div class=\"elementor-widget-wrap elementor-element-populated\">\n\t\t\t\t\t\t<div class=\"elementor-element elementor-element-3b75ac2 elementor-button-info elementor-align-center elementor-widget elementor-widget-button\" data-id=\"3b75ac2\" data-element_type=\"widget\" data-widget_type=\"button.default\">\n\t\t\t\t<div class=\"elementor-widget-container\">\n\t\t\t\t\t<div class=\"elementor-button-wrapper\">\n\t\t\t<a class=\"elementor-button elementor-button-link elementor-size-sm\" href=\"https:\/\/www.cua.org\/sites\/default\/files\/Professional-Development\/MEETINGS\/2026\/Saskatoon2026-ExhibitorMan07_INT.pdf\" target=\"_blank\">\n\t\t\t\t\t\t<span class=\"elementor-button-content-wrapper\">\n\t\t\t\t\t\t<span class=\"elementor-button-icon elementor-align-icon-left\">\n\t\t\t\t<i aria-hidden=\"true\" class=\"fas fa-download\"><\/i>\t\t\t<\/span>\n\t\t\t\t\t\t<span class=\"elementor-button-text\">T\u00e9l\u00e9chargez le Guide d\u2019exposition et manuel des services<\/span>\n\t\t<\/span>\n\t\t\t\t\t<\/a>\n\t\t<\/div>\n\t\t\t\t<\/div>\n\t\t\t\t<\/div>\n\t\t\t\t<div class=\"elementor-element elementor-element-5b75dcf elementor-widget elementor-widget-toggle\" data-id=\"5b75dcf\" data-element_type=\"widget\" data-widget_type=\"toggle.default\">\n\t\t\t\t<div class=\"elementor-widget-container\">\n\t\t\t<style>\/*! elementor - v3.19.0 - 29-01-2024 *\/\n.elementor-toggle{text-align:left}.elementor-toggle .elementor-tab-title{font-weight:700;line-height:1;margin:0;padding:15px;border-bottom:1px solid #d5d8dc;cursor:pointer;outline:none}.elementor-toggle .elementor-tab-title .elementor-toggle-icon{display:inline-block;width:1em}.elementor-toggle .elementor-tab-title .elementor-toggle-icon svg{margin-inline-start:-5px;width:1em;height:1em}.elementor-toggle .elementor-tab-title .elementor-toggle-icon.elementor-toggle-icon-right{float:right;text-align:right}.elementor-toggle .elementor-tab-title .elementor-toggle-icon.elementor-toggle-icon-left{float:left;text-align:left}.elementor-toggle .elementor-tab-title .elementor-toggle-icon .elementor-toggle-icon-closed{display:block}.elementor-toggle .elementor-tab-title .elementor-toggle-icon .elementor-toggle-icon-opened{display:none}.elementor-toggle .elementor-tab-title.elementor-active{border-bottom:none}.elementor-toggle .elementor-tab-title.elementor-active .elementor-toggle-icon-closed{display:none}.elementor-toggle .elementor-tab-title.elementor-active .elementor-toggle-icon-opened{display:block}.elementor-toggle .elementor-tab-content{padding:15px;border-bottom:1px solid #d5d8dc;display:none}@media (max-width:767px){.elementor-toggle .elementor-tab-title{padding:12px}.elementor-toggle .elementor-tab-content{padding:12px 10px}}.e-con-inner>.elementor-widget-toggle,.e-con>.elementor-widget-toggle{width:var(--container-widget-width);--flex-grow:var(--container-widget-flex-grow)}<\/style>\t\t<div class=\"elementor-toggle\">\n\t\t\t\t\t\t\t<div class=\"elementor-toggle-item\">\n\t\t\t\t\t<div id=\"elementor-tab-title-9591\" class=\"elementor-tab-title\" data-tab=\"1\" role=\"button\" aria-controls=\"elementor-tab-content-9591\" aria-expanded=\"false\">\n\t\t\t\t\t\t\t\t\t\t\t\t<span class=\"elementor-toggle-icon elementor-toggle-icon-left\" aria-hidden=\"true\">\n\t\t\t\t\t\t\t\t\t\t\t\t\t\t\t<span class=\"elementor-toggle-icon-closed\"><i class=\"fas fa-caret-right\"><\/i><\/span>\n\t\t\t\t\t\t\t\t<span class=\"elementor-toggle-icon-opened\"><i class=\"elementor-toggle-icon-opened fas fa-caret-up\"><\/i><\/span>\n\t\t\t\t\t\t\t\t\t\t\t\t\t<\/span>\n\t\t\t\t\t\t\t\t\t\t\t\t<a class=\"elementor-toggle-title\" tabindex=\"0\">Exposants<\/a>\n\t\t\t\t\t<\/div>\n\n\t\t\t\t\t<div id=\"elementor-tab-content-9591\" class=\"elementor-tab-content elementor-clearfix\" data-tab=\"1\" role=\"region\" aria-labelledby=\"elementor-tab-title-9591\"><div class=\"column-container exhibitors-3col\">\n<ul>\n \t  <li>AbbVie<\/li>\n  <li>Accord<\/li>\n  <li>Ambu<\/li>\n  <li>AMT Surgical \/ Vantage Endoscopy<\/li>\n  <li>AngioDynamics<\/li>\n  <li>AstraZeneca<\/li>\n  <li>Bayer<\/li>\n  <li>BD<\/li>\n  <li>BioScript<\/li>\n  <li>Bladder Cancer Canada<\/li>\n  <li>Boston Scientific<\/li>\n  <li>Calmoseptine<\/li>\n  <li>Canadian Cancer Society<\/li>\n  <li>Clarion Medical Technologies<\/li>\n  <li>Coloplast<\/li>\n  <li>Convatec<\/li>\n  <li>Cook Medical<\/li>\n  <li>Ferring<\/li>\n  <li>Fibertech<\/li>\n  <li>Instrumentarium<\/li>\n  <li>Intuitive Surgical<\/li>\n  <li>Ipsen<\/li>\n  <li>ISOLOGIC Innovative Radiopharmaceuticals \/ TELIX Pharma<\/li>\n  <li>J&amp;J<\/li>\n  <li>JAMP Pharma<\/li>\n  <li>Karl Storz<\/li>\n  <li>Karl Storz Medical<\/li>\n  <li>KEIR Surgical<\/li>\n  <li>Kidney Cancer Canada<\/li>\n  <li>Knight<\/li>\n  <li>Laborie<\/li>\n  <li>Liaison Medical<\/li>\n  <li>McKesson<\/li>\n  <li>Medtronic<\/li>\n  <li>Merck<\/li>\n  <li>Novartis<\/li>\n  <li>Nurses Specialized in Wound, Ostomy and Continence Canada (NSWOCC)<\/li>\n  <li>Olympus<\/li>\n  <li>Pfizer<\/li>\n  <li>Procure<\/li>\n  <li>Prostate Cancer Foundation<\/li>\n  <li>Reborn Medical<\/li>\n  <li>Red Leaf Medical<\/li>\n  <li>Seaford Pharmaceuticals<\/li>\n  <li>Sentrex<\/li>\n  <li>SzioPlus<\/li>\n  <li>TD Wealth<\/li>\n  <li>TD Insurance<\/li>\n  <li>Theralogix<\/li>\n  <li>Tersera<\/li>\n  <li>Tolmar<\/li>\n  <li>Urology Nurses of Canada<\/li>\n  <li>Vedkang Medical Science and Technology Co., Ltd<\/li>\n  <li>Volo<\/li>\n  <li>Worthy Health<\/li>\n<\/ul><\/div>\n\t\t\t\t<\/div>\n\t\t\t\t\t\t\t<div class=\"elementor-toggle-item\">\n\t\t\t\t\t<div id=\"elementor-tab-title-9592\" class=\"elementor-tab-title\" data-tab=\"2\" role=\"button\" aria-controls=\"elementor-tab-content-9592\" aria-expanded=\"false\">\n\t\t\t\t\t\t\t\t\t\t\t\t<span class=\"elementor-toggle-icon elementor-toggle-icon-left\" aria-hidden=\"true\">\n\t\t\t\t\t\t\t\t\t\t\t\t\t\t\t<span class=\"elementor-toggle-icon-closed\"><i class=\"fas fa-caret-right\"><\/i><\/span>\n\t\t\t\t\t\t\t\t<span class=\"elementor-toggle-icon-opened\"><i class=\"elementor-toggle-icon-opened fas fa-caret-up\"><\/i><\/span>\n\t\t\t\t\t\t\t\t\t\t\t\t\t<\/span>\n\t\t\t\t\t\t\t\t\t\t\t\t<a class=\"elementor-toggle-title\" tabindex=\"0\">Horaires de montage et de d\u00e9montage<\/a>\n\t\t\t\t\t<\/div>\n\n\t\t\t\t\t<div id=\"elementor-tab-content-9592\" class=\"elementor-tab-content elementor-clearfix\" data-tab=\"2\" role=\"region\" aria-labelledby=\"elementor-tab-title-9592\"><p><strong>Installation | Vendredi 26 juin 2026<\/strong><\/p><p>Information importante : En raison de circonstances exceptionnelles, l\u2019installation des exposants aura lieu le vendredi 26 juin, <strong>de midi \u00e0 20 h<\/strong>.<\/p><p>Le respect de ces horaires est imp\u00e9ratif.<\/p><p><strong>D\u00e9montage | Dimanche 28 juin 2026<\/strong><\/p><p>Le retour des cartons, puis des caisses, d\u00e9butera \u00e0 16\u00a0h\u00a045. Le d\u00e9montage se d\u00e9roulera de 16\u00a0h\u00a045 \u00e0 22\u00a0h.<\/p><\/div>\n\t\t\t\t<\/div>\n\t\t\t\t\t\t\t<div class=\"elementor-toggle-item\">\n\t\t\t\t\t<div id=\"elementor-tab-title-9593\" class=\"elementor-tab-title\" data-tab=\"3\" role=\"button\" aria-controls=\"elementor-tab-content-9593\" aria-expanded=\"false\">\n\t\t\t\t\t\t\t\t\t\t\t\t<span class=\"elementor-toggle-icon elementor-toggle-icon-left\" aria-hidden=\"true\">\n\t\t\t\t\t\t\t\t\t\t\t\t\t\t\t<span class=\"elementor-toggle-icon-closed\"><i class=\"fas fa-caret-right\"><\/i><\/span>\n\t\t\t\t\t\t\t\t<span class=\"elementor-toggle-icon-opened\"><i class=\"elementor-toggle-icon-opened fas fa-caret-up\"><\/i><\/span>\n\t\t\t\t\t\t\t\t\t\t\t\t\t<\/span>\n\t\t\t\t\t\t\t\t\t\t\t\t<a class=\"elementor-toggle-title\" tabindex=\"0\">Dates importantes<\/a>\n\t\t\t\t\t<\/div>\n\n\t\t\t\t\t<div id=\"elementor-tab-content-9593\" class=\"elementor-tab-content elementor-clearfix\" data-tab=\"3\" role=\"region\" aria-labelledby=\"elementor-tab-title-9593\"><p><strong>Mars<\/strong><\/p><p><strong>Lundi 2<\/strong>\u00a0: Ouverture du lien de commande en ligne GES Expresso<br \/><strong>Dimanche 15<\/strong>\u00a0: Date limite pour les r\u00e9servations anticip\u00e9es de stands<br \/><strong>Vendredi 20<\/strong>\u00a0: Plans\/Croquis des stands exposants<br \/><strong>Vendredi 27<\/strong>\u00a0: Ouverture du portail exposants CUAOnline*<\/p><p>*Acc\u00e8s au portail exposants CUAOnline\u00a0: Les instructions et les codes d\u2019acc\u00e8s seront envoy\u00e9s \u00e0 la personne de contact.<\/p><p><strong>Avril<\/strong><\/p><p><strong>Dimanche 12<\/strong>\u00a0: Confirmation des installations techniques sur le portail exposants CUAOnline<br \/><strong>Mercredi 15\u00a0<\/strong>: Annulation par l\u2019exposant (remboursement de 75\u00a0%)<br \/><strong>Jeudi 16\u00a0<\/strong>: Annulation par l\u2019exposant (aucun remboursement)<\/p><p><strong>Mai<\/strong><\/p><p><strong>Vendredi 1<\/strong>\u00a0: Descriptions des exposants sur le portail exposants CUAOnline<br \/><strong>Lundi 25<\/strong>\u00a0: R\u00e9servations d\u2019h\u00e9bergement**<br \/><strong>Mercredi 27<\/strong>\u00a0: Date limite d\u2019inscription des exposants sur le portail exposants CUAOnline<\/p><p>****Veuillez noter toutes les informations suivantes Les emplacements r\u00e9serv\u00e9s aux membres de la CUA pourraient \u00eatre \u00e9puis\u00e9s AVANT la date limite indiqu\u00e9e.<\/p><p><strong>Juin<\/strong><\/p><p><strong>Lundi 1er<\/strong>\u00a0: Date limite standard pour les r\u00e9servations de stands \u2013 Augmentation des prix<br \/><strong>Lundi 1er\u00a0<\/strong>: Premier jour de r\u00e9ception des livraisons anticip\u00e9es avec GES<br \/><strong>Mercredi 3<\/strong>\u00a0: Preuve d\u2019assurance responsabilit\u00e9 civile<br \/><strong>Vendredi 5<\/strong>\u00a0: Date limite pour b\u00e9n\u00e9ficier du tarif r\u00e9duit sur le mat\u00e9riel de stand<br \/><strong>Vendredi 5<\/strong>\u00a0: Date limite pour commander le mat\u00e9riel audiovisuel, l\u2019\u00e9lectricit\u00e9, l\u2019acc\u00e8s Internet et les installations techniques aupr\u00e8s de TCU Place<br \/><strong>Mardi 23<\/strong>\u00a0: Date limite pour b\u00e9n\u00e9ficier des tarifs normaux sur le mat\u00e9riel de stand<br \/><strong>Vendredi 26<\/strong> : Horaires d\u2019exp\u00e9dition directe sur le site du salon (de 12h00 \u00e0 17h00 UNIQUEMENT)<\/p><\/div>\n\t\t\t\t<\/div>\n\t\t\t\t\t\t\t\t<\/div>\n\t\t\t\t<\/div>\n\t\t\t\t<\/div>\n\t\t\t\t\t<\/div>\n\t\t<\/div>\n\t\t\t\t\t<\/div>\n\t\t<\/section>\n\t\t\t\t<section class=\"elementor-section elementor-top-section elementor-element elementor-element-9c8d5f8 elementor-section-boxed elementor-section-height-default elementor-section-height-default\" data-id=\"9c8d5f8\" data-element_type=\"section\">\n\t\t\t\t\t\t<div class=\"elementor-container elementor-column-gap-default\">\n\t\t\t\t\t<div class=\"elementor-column elementor-col-100 elementor-top-column elementor-element elementor-element-81d60fb\" data-id=\"81d60fb\" data-element_type=\"column\">\n\t\t\t<div class=\"elementor-widget-wrap elementor-element-populated\">\n\t\t\t\t\t\t<div class=\"elementor-element elementor-element-7ff994b elementor-widget elementor-widget-text-editor\" data-id=\"7ff994b\" data-element_type=\"widget\" data-widget_type=\"text-editor.default\">\n\t\t\t\t<div class=\"elementor-widget-container\">\n\t\t\t\t\t\t\t<p style=\"color: #000000; font-family: 'Segoe UI'; font-size: 14px; line-height: 20px;\">Le portail des exposants de l\u2019AUC est maintenant ouvert. <strong><span style=\"color: #ff0000;\">Seul le repr\u00e9sentant d\u00e9sign\u00e9<\/span><\/strong> de l\u2019entreprise a acc\u00e8s au portail et est responsable de l\u2019inscription de tous les membres de son \u00e9quipe. Un courriel contenant les d\u00e9tails d\u2019acc\u00e8s a \u00e9t\u00e9 envoy\u00e9 au repr\u00e9sentant. Un guide \u00e9tape par \u00e9tape est disponible ci-dessous.<\/p>\t\t\t\t\t\t<\/div>\n\t\t\t\t<\/div>\n\t\t\t\t\t<\/div>\n\t\t<\/div>\n\t\t\t\t\t<\/div>\n\t\t<\/section>\n\t\t\t\t<section class=\"elementor-section elementor-top-section elementor-element elementor-element-7a1bea9 elementor-section-boxed elementor-section-height-default elementor-section-height-default\" data-id=\"7a1bea9\" data-element_type=\"section\">\n\t\t\t\t\t\t<div class=\"elementor-container elementor-column-gap-default\">\n\t\t\t\t\t<div class=\"elementor-column elementor-col-100 elementor-top-column elementor-element elementor-element-4cc3791\" data-id=\"4cc3791\" data-element_type=\"column\">\n\t\t\t<div class=\"elementor-widget-wrap elementor-element-populated\">\n\t\t\t\t\t\t<div class=\"elementor-element elementor-element-91f9320 elementor-button-info elementor-align-center elementor-widget elementor-widget-button\" data-id=\"91f9320\" data-element_type=\"widget\" data-widget_type=\"button.default\">\n\t\t\t\t<div class=\"elementor-widget-container\">\n\t\t\t\t\t<div class=\"elementor-button-wrapper\">\n\t\t\t<a class=\"elementor-button elementor-button-link elementor-size-sm\" href=\"https:\/\/www.cua.org\/sites\/default\/files\/Professional-Development\/MEETINGS\/2026\/Exhibitor-Portal-Guide-CUA2026.pdf\" target=\"_blank\">\n\t\t\t\t\t\t<span class=\"elementor-button-content-wrapper\">\n\t\t\t\t\t\t<span class=\"elementor-button-icon elementor-align-icon-left\">\n\t\t\t\t<i aria-hidden=\"true\" class=\"fas fa-download\"><\/i>\t\t\t<\/span>\n\t\t\t\t\t\t<span class=\"elementor-button-text\">T\u00e9l\u00e9chargez le Guide du portail exposant<\/span>\n\t\t<\/span>\n\t\t\t\t\t<\/a>\n\t\t<\/div>\n\t\t\t\t<\/div>\n\t\t\t\t<\/div>\n\t\t\t\t\t<\/div>\n\t\t<\/div>\n\t\t\t\t\t<\/div>\n\t\t<\/section>\n\t\t\t\t<\/div>\n\t\t","protected":false},"excerpt":{"rendered":"<p>Commanditaires &amp; Exposants Heures d\u2019ouverture de la salle d\u2019exposition\u00a0: Samedi 27 juin 2026 \/\/ 08 h 00 \u2013 17 h 00Dimanche 28 juin 2026 \/\/ 07 h 30 \u2013 16 h 45 T\u00e9l\u00e9chargez le Guide d\u2019exposition et manuel des services Exposants AbbVie Accord Ambu AMT Surgical \/ Vantage Endoscopy AngioDynamics AstraZeneca Bayer BD BioScript Bladder [&hellip;]<\/p>\n","protected":false},"author":1,"featured_media":0,"parent":0,"menu_order":0,"comment_status":"closed","ping_status":"closed","template":"elementor_header_footer","meta":{"footnotes":""},"class_list":["post-1182","page","type-page","status-publish","hentry"],"_links":{"self":[{"href":"https:\/\/cuameeting.org\/fr\/wp-json\/wp\/v2\/pages\/1182","targetHints":{"allow":["GET"]}}],"collection":[{"href":"https:\/\/cuameeting.org\/fr\/wp-json\/wp\/v2\/pages"}],"about":[{"href":"https:\/\/cuameeting.org\/fr\/wp-json\/wp\/v2\/types\/page"}],"author":[{"embeddable":true,"href":"https:\/\/cuameeting.org\/fr\/wp-json\/wp\/v2\/users\/1"}],"replies":[{"embeddable":true,"href":"https:\/\/cuameeting.org\/fr\/wp-json\/wp\/v2\/comments?post=1182"}],"version-history":[{"count":293,"href":"https:\/\/cuameeting.org\/fr\/wp-json\/wp\/v2\/pages\/1182\/revisions"}],"predecessor-version":[{"id":8253,"href":"https:\/\/cuameeting.org\/fr\/wp-json\/wp\/v2\/pages\/1182\/revisions\/8253"}],"wp:attachment":[{"href":"https:\/\/cuameeting.org\/fr\/wp-json\/wp\/v2\/media?parent=1182"}],"curies":[{"name":"wp","href":"https:\/\/api.w.org\/{rel}","templated":true}]}}