{"id":1063,"date":"2022-10-20T12:01:12","date_gmt":"2022-10-20T16:01:12","guid":{"rendered":"https:\/\/cuameeting.org\/lieu\/"},"modified":"2025-09-24T17:27:05","modified_gmt":"2025-09-24T21:27:05","slug":"lieu","status":"publish","type":"page","link":"https:\/\/cuameeting.org\/fr\/lieu\/","title":{"rendered":"Lieu"},"content":{"rendered":"\t\t<div data-elementor-type=\"wp-page\" data-elementor-id=\"1063\" class=\"elementor elementor-1063 elementor-111\" data-elementor-post-type=\"page\">\n\t\t\t\t\t\t<section class=\"elementor-section elementor-top-section elementor-element elementor-element-39a4b12 elementor-section-full_width elementor-section-height-default elementor-section-height-default\" data-id=\"39a4b12\" data-element_type=\"section\" data-settings=\"{&quot;background_background&quot;:&quot;classic&quot;,&quot;background_motion_fx_motion_fx_scrolling&quot;:&quot;yes&quot;,&quot;background_motion_fx_translateY_effect&quot;:&quot;yes&quot;,&quot;background_motion_fx_translateY_speed&quot;:{&quot;unit&quot;:&quot;px&quot;,&quot;size&quot;:4,&quot;sizes&quot;:[]},&quot;background_motion_fx_translateY_affectedRange&quot;:{&quot;unit&quot;:&quot;%&quot;,&quot;size&quot;:&quot;&quot;,&quot;sizes&quot;:{&quot;start&quot;:0,&quot;end&quot;:100}},&quot;background_motion_fx_devices&quot;:[&quot;desktop&quot;,&quot;tablet&quot;,&quot;mobile&quot;]}\">\n\t\t\t\t\t\t\t<div class=\"elementor-background-overlay\"><\/div>\n\t\t\t\t\t\t\t<div class=\"elementor-container elementor-column-gap-no\">\n\t\t\t\t\t<div class=\"elementor-column elementor-col-100 elementor-top-column elementor-element elementor-element-b013175\" data-id=\"b013175\" data-element_type=\"column\">\n\t\t\t<div class=\"elementor-widget-wrap elementor-element-populated\">\n\t\t\t\t\t\t<div class=\"elementor-element elementor-element-7798d95 elementor-invisible elementor-widget elementor-widget-heading\" data-id=\"7798d95\" data-element_type=\"widget\" data-settings=\"{&quot;_animation&quot;:&quot;fadeInUp&quot;}\" data-widget_type=\"heading.default\">\n\t\t\t\t<div class=\"elementor-widget-container\">\n\t\t\t<style>\/*! elementor - v3.19.0 - 29-01-2024 *\/\n.elementor-heading-title{padding:0;margin:0;line-height:1}.elementor-widget-heading .elementor-heading-title[class*=elementor-size-]>a{color:inherit;font-size:inherit;line-height:inherit}.elementor-widget-heading .elementor-heading-title.elementor-size-small{font-size:15px}.elementor-widget-heading .elementor-heading-title.elementor-size-medium{font-size:19px}.elementor-widget-heading .elementor-heading-title.elementor-size-large{font-size:29px}.elementor-widget-heading .elementor-heading-title.elementor-size-xl{font-size:39px}.elementor-widget-heading .elementor-heading-title.elementor-size-xxl{font-size:59px}<\/style><h1 class=\"elementor-heading-title elementor-size-default\">Lieu<\/h1>\t\t<\/div>\n\t\t\t\t<\/div>\n\t\t\t\t\t<\/div>\n\t\t<\/div>\n\t\t\t\t\t<\/div>\n\t\t<\/section>\n\t\t\t\t<section class=\"elementor-section elementor-top-section elementor-element elementor-element-1f04dc5 elementor-section-full_width elementor-section-height-default elementor-section-height-default\" data-id=\"1f04dc5\" data-element_type=\"section\">\n\t\t\t\t\t\t<div class=\"elementor-container elementor-column-gap-default\">\n\t\t\t\t\t<div class=\"elementor-column elementor-col-50 elementor-top-column elementor-element elementor-element-3242a95\" data-id=\"3242a95\" data-element_type=\"column\">\n\t\t\t<div class=\"elementor-widget-wrap elementor-element-populated\">\n\t\t\t\t\t\t<div class=\"elementor-element elementor-element-83e2144 elementor-widget__width-inherit elementor-widget elementor-widget-heading\" data-id=\"83e2144\" data-element_type=\"widget\" data-widget_type=\"heading.default\">\n\t\t\t\t<div class=\"elementor-widget-container\">\n\t\t\t<h5 class=\"elementor-heading-title elementor-size-default\">Lieu des s\u00e9ances du programme scientifique, des essions \u00e9ducatives et de certaines r\u00e9unions affili\u00e9es (avec le the Delta Saskatoon Downtown)<\/h5>\t\t<\/div>\n\t\t\t\t<\/div>\n\t\t\t\t<div class=\"elementor-element elementor-element-408c7e6 elementor-widget elementor-widget-text-editor\" data-id=\"408c7e6\" data-element_type=\"widget\" data-widget_type=\"text-editor.default\">\n\t\t\t\t<div class=\"elementor-widget-container\">\n\t\t\t<style>\/*! elementor - v3.19.0 - 29-01-2024 *\/\n.elementor-widget-text-editor.elementor-drop-cap-view-stacked .elementor-drop-cap{background-color:#69727d;color:#fff}.elementor-widget-text-editor.elementor-drop-cap-view-framed .elementor-drop-cap{color:#69727d;border:3px solid;background-color:transparent}.elementor-widget-text-editor:not(.elementor-drop-cap-view-default) .elementor-drop-cap{margin-top:8px}.elementor-widget-text-editor:not(.elementor-drop-cap-view-default) .elementor-drop-cap-letter{width:1em;height:1em}.elementor-widget-text-editor .elementor-drop-cap{float:left;text-align:center;line-height:1;font-size:50px}.elementor-widget-text-editor .elementor-drop-cap-letter{display:inline-block}<\/style>\t\t\t\t<h5><a href=\"https:\/\/tcuplace.com\/venue\/\">TCU Place<\/a><\/h5>\r\n<h5>35 &#8211; 22 St E, Saskatoon, SK S7K 0C8<\/h5>\t\t\t\t\t\t<\/div>\n\t\t\t\t<\/div>\n\t\t\t\t<div class=\"elementor-element elementor-element-7a77d81 elementor-widget elementor-widget-text-editor\" data-id=\"7a77d81\" data-element_type=\"widget\" data-widget_type=\"text-editor.default\">\n\t\t\t\t<div class=\"elementor-widget-container\">\n\t\t\t\t\t\t\t<p><span style=\"background-color: var( --e-global-color-62ad4ae );\">TCU Place est id\u00e9alement situ\u00e9e au c\u0153ur du centre-ville de Saskatoon et est sit\u00e9 a seulement quelques minutes de notre h\u00f4tel principal, le Delta Saskatoon Dowtown, ainsi que du Sheraton Cavalier et du James.<\/span><\/p>\n\t\t\t\t\t\t<\/div>\n\t\t\t\t<\/div>\n\t\t\t\t<div class=\"elementor-element elementor-element-ded3e42 elementor-widget elementor-widget-spacer\" data-id=\"ded3e42\" data-element_type=\"widget\" data-widget_type=\"spacer.default\">\n\t\t\t\t<div class=\"elementor-widget-container\">\n\t\t\t<style>\/*! elementor - v3.19.0 - 29-01-2024 *\/\n.elementor-column .elementor-spacer-inner{height:var(--spacer-size)}.e-con{--container-widget-width:100%}.e-con-inner>.elementor-widget-spacer,.e-con>.elementor-widget-spacer{width:var(--container-widget-width,var(--spacer-size));--align-self:var(--container-widget-align-self,initial);--flex-shrink:0}.e-con-inner>.elementor-widget-spacer>.elementor-widget-container,.e-con>.elementor-widget-spacer>.elementor-widget-container{height:100%;width:100%}.e-con-inner>.elementor-widget-spacer>.elementor-widget-container>.elementor-spacer,.e-con>.elementor-widget-spacer>.elementor-widget-container>.elementor-spacer{height:100%}.e-con-inner>.elementor-widget-spacer>.elementor-widget-container>.elementor-spacer>.elementor-spacer-inner,.e-con>.elementor-widget-spacer>.elementor-widget-container>.elementor-spacer>.elementor-spacer-inner{height:var(--container-widget-height,var(--spacer-size))}.e-con-inner>.elementor-widget-spacer.elementor-widget-empty,.e-con>.elementor-widget-spacer.elementor-widget-empty{position:relative;min-height:22px;min-width:22px}.e-con-inner>.elementor-widget-spacer.elementor-widget-empty .elementor-widget-empty-icon,.e-con>.elementor-widget-spacer.elementor-widget-empty .elementor-widget-empty-icon{position:absolute;top:0;bottom:0;left:0;right:0;margin:auto;padding:0;width:22px;height:22px}<\/style>\t\t<div class=\"elementor-spacer\">\n\t\t\t<div class=\"elementor-spacer-inner\"><\/div>\n\t\t<\/div>\n\t\t\t\t<\/div>\n\t\t\t\t<\/div>\n\t\t\t\t<div class=\"elementor-element elementor-element-6de3ef2 elementor-widget elementor-widget-heading\" data-id=\"6de3ef2\" data-element_type=\"widget\" data-widget_type=\"heading.default\">\n\t\t\t\t<div class=\"elementor-widget-container\">\n\t\t\t<h5 class=\"elementor-heading-title elementor-size-default\">H\u00f4tel principal et lieu de certaines r\u00e9unions affili\u00e9es (avec TCU place)<\/h5>\t\t<\/div>\n\t\t\t\t<\/div>\n\t\t\t\t<div class=\"elementor-element elementor-element-b540471 elementor-widget elementor-widget-text-editor\" data-id=\"b540471\" data-element_type=\"widget\" data-widget_type=\"text-editor.default\">\n\t\t\t\t<div class=\"elementor-widget-container\">\n\t\t\t\t\t\t\t<h5><a href=\"https:\/\/www.marriott.com\/en-us\/hotels\/yxeds-delta-hotels-saskatoon-downtown\/overview\/\">The Delta Saskatoon Downtown <\/a><\/h5>\r\n<h5>405 20th St E, Saskatoon, SK S7K 6X6<\/h5>\t\t\t\t\t\t<\/div>\n\t\t\t\t<\/div>\n\t\t\t\t<div class=\"elementor-element elementor-element-89922a5 elementor-widget elementor-widget-text-editor\" data-id=\"89922a5\" data-element_type=\"widget\" data-widget_type=\"text-editor.default\">\n\t\t\t\t<div class=\"elementor-widget-container\">\n\t\t\t\t\t\t\t<p>1 km \/ 0,6 milles de TCU Place (Lieu du Congr\u00e8s annuel de l\u2019AUC 2026) \u2013 Des navettes seront disponibles<\/p>\n<p><a href=\"https:\/\/cuameeting.org\/fr\/accommodation\/\">Cliquez ici<\/a> pour faire une r\u00e9servation de chambre<\/p>\n\t\t\t\t\t\t<\/div>\n\t\t\t\t<\/div>\n\t\t\t\t<div class=\"elementor-element elementor-element-f63e688 elementor-widget elementor-widget-spacer\" data-id=\"f63e688\" data-element_type=\"widget\" data-widget_type=\"spacer.default\">\n\t\t\t\t<div class=\"elementor-widget-container\">\n\t\t\t\t\t<div class=\"elementor-spacer\">\n\t\t\t<div class=\"elementor-spacer-inner\"><\/div>\n\t\t<\/div>\n\t\t\t\t<\/div>\n\t\t\t\t<\/div>\n\t\t\t\t<div class=\"elementor-element elementor-element-00db32d elementor-widget elementor-widget-heading\" data-id=\"00db32d\" data-element_type=\"widget\" data-widget_type=\"heading.default\">\n\t\t\t\t<div class=\"elementor-widget-container\">\n\t\t\t<h5 class=\"elementor-heading-title elementor-size-default\">Lieu de la Reception et du banquet du Pr\u00e9sident de l\u2019AUC<\/h5>\t\t<\/div>\n\t\t\t\t<\/div>\n\t\t\t\t<div class=\"elementor-element elementor-element-be0bb28 elementor-widget elementor-widget-text-editor\" data-id=\"be0bb28\" data-element_type=\"widget\" data-widget_type=\"text-editor.default\">\n\t\t\t\t<div class=\"elementor-widget-container\">\n\t\t\t\t\t\t\t<h5><a href=\"https:\/\/www.marriott.com\/en-us\/hotels\/yxesi-sheraton-cavalier-saskatoon-hotel\/overview\/\">Le Sheraton Cavalier Saskatoon<\/a><\/h5>\r\n<h5>612 Spadina Crescent E, Saskatoon, SK S7K 3G9<\/h5>\t\t\t\t\t\t<\/div>\n\t\t\t\t<\/div>\n\t\t\t\t<div class=\"elementor-element elementor-element-46816f3 elementor-widget elementor-widget-text-editor\" data-id=\"46816f3\" data-element_type=\"widget\" data-widget_type=\"text-editor.default\">\n\t\t\t\t<div class=\"elementor-widget-container\">\n\t\t\t\t\t\t\t<p>850 m \/ 0,5 milles du TCU Place (Lieu du Congr\u00e8s annuel de l\u2019AUC 2026) \u2013 Des navettes seront disponibles<\/p>\n<p><a href=\"https:\/\/cuameeting.org\/fr\/accommodation\/\">Cliquez ici<\/a> pour faire une r\u00e9servation de chambre<\/p>\n\t\t\t\t\t\t<\/div>\n\t\t\t\t<\/div>\n\t\t\t\t\t<\/div>\n\t\t<\/div>\n\t\t\t\t<div class=\"elementor-column elementor-col-50 elementor-top-column elementor-element elementor-element-484fb43\" data-id=\"484fb43\" data-element_type=\"column\">\n\t\t\t<div class=\"elementor-widget-wrap elementor-element-populated\">\n\t\t\t\t\t\t<div class=\"elementor-element elementor-element-f857172 elementor-widget elementor-widget-image\" data-id=\"f857172\" data-element_type=\"widget\" data-widget_type=\"image.default\">\n\t\t\t\t<div class=\"elementor-widget-container\">\n\t\t\t<style>\/*! elementor - v3.19.0 - 29-01-2024 *\/\n.elementor-widget-image{text-align:center}.elementor-widget-image a{display:inline-block}.elementor-widget-image a img[src$=\".svg\"]{width:48px}.elementor-widget-image img{vertical-align:middle;display:inline-block}<\/style>\t\t\t\t\t\t\t\t\t\t<img fetchpriority=\"high\" decoding=\"async\" width=\"800\" height=\"800\" src=\"https:\/\/cuameeting.org\/wp-content\/uploads\/2025\/09\/saskatoon-1024x1024.jpg\" class=\"attachment-large size-large wp-image-7364\" alt=\"\" srcset=\"https:\/\/cuameeting.org\/wp-content\/uploads\/2025\/09\/saskatoon-1024x1024.jpg 1024w, https:\/\/cuameeting.org\/wp-content\/uploads\/2025\/09\/saskatoon-300x300.jpg 300w, https:\/\/cuameeting.org\/wp-content\/uploads\/2025\/09\/saskatoon-150x150.jpg 150w, https:\/\/cuameeting.org\/wp-content\/uploads\/2025\/09\/saskatoon-768x768.jpg 768w, https:\/\/cuameeting.org\/wp-content\/uploads\/2025\/09\/saskatoon.jpg 1400w\" sizes=\"(max-width: 800px) 100vw, 800px\" \/>\t\t\t\t\t\t\t\t\t\t\t\t\t<\/div>\n\t\t\t\t<\/div>\n\t\t\t\t\t<\/div>\n\t\t<\/div>\n\t\t\t\t\t<\/div>\n\t\t<\/section>\n\t\t\t\t<section class=\"elementor-section elementor-top-section elementor-element elementor-element-cdc2438 elementor-section-full_width elementor-section-height-default elementor-section-height-default\" data-id=\"cdc2438\" data-element_type=\"section\">\n\t\t\t\t\t\t<div class=\"elementor-container elementor-column-gap-default\">\n\t\t\t\t\t<div class=\"elementor-column elementor-col-100 elementor-top-column elementor-element elementor-element-4767cbe\" data-id=\"4767cbe\" data-element_type=\"column\">\n\t\t\t<div class=\"elementor-widget-wrap elementor-element-populated\">\n\t\t\t\t\t\t<div class=\"elementor-element elementor-element-9fda617 elementor-widget elementor-widget-html\" data-id=\"9fda617\" data-element_type=\"widget\" data-widget_type=\"html.default\">\n\t\t\t\t<div class=\"elementor-widget-container\">\n\t\t\t<head>\r\n\r\n    <style>\r\n        .nav-bar{\r\n            display: flex;\r\n            justify-content: space-around;\r\n            width: 100%;\r\n        }\r\n        .bar-item.button {\r\n            flex: 1;\r\n            padding: 10px;\r\n            cursor: pointer;\r\n            border: none;\r\n            text-align: center;\r\n            outline: none;\r\n            border: 1px solid black;\r\n            background-color: #00A8CB;\r\n            border-radius: 10px 10px 0 0;\r\n        }\r\n\r\n        .bar-item.button:hover {\r\n            background-color: #0089A6; \/* Couleur plus fonc\u00e9e au survol *\/\r\n        }\r\n\r\n        \/* Style du bouton actif *\/\r\n        .active.button {\r\n            background-color: #005f73;\r\n            color: white;\r\n        }\r\n\r\n        \/* Style du contenu des onglets *\/\r\n        .tab-content {\r\n            display: none;\r\n            padding: 15px;\r\n            border: 1px solid #ccc;\r\n            border-top: none;\r\n            animation: fadeEffect 1s;\r\n        }\r\n        @keyframes fadeEffect {\r\n            from {opacity: 0;}\r\n             to {opacity: 1;}\r\n}\r\n        .icon {\r\n            width: 32px;\r\n            vertical-align: middle;\r\n        }\r\n\r\n        table {\r\n            width: 50%;\r\n            border-collapse: collapse;\r\n            margin: 25px auto;\r\n            box-shadow: 0 2px 5px rgba(0,0,0,0.1);\r\n        }\r\n\r\n        th, td {\r\n            padding: 12px;\r\n            text-align: center;\r\n            border-bottom: 1px solid #ddd;\r\n        }\r\n\r\n        th {\r\n            background-color: #261D62;\r\n            color: white;\r\n        }\r\n\r\n        tr:hover {\r\n            background-color: #f1f1f1;\r\n        }\r\n\r\n        caption {\r\n            font-size: 1.5em;\r\n            margin-bottom: 15px;\r\n            font-weight: bold;\r\n        }\r\n        .styled-table {\r\n    width: 50%;\r\n    margin: 20px auto;\r\n    border-collapse: collapse;\r\n    font-family: Arial, sans-serif;\r\n    font-size: 16px;\r\n    text-align: center;\r\n}\r\n\r\n.styled-table th,\r\n.styled-table td {\r\n    border: 1px solid #000;\r\n    padding: 10px;\r\n}\r\n\r\n.styled-table th {\r\n    background-color:  #00A8CB;\r\n    font-weight: bold;\r\n}\r\n\r\n.styled-table .header th {\r\n    background-color: #261D62;\r\n}\r\n\r\n.styled-table tr:nth-child(even) {\r\n    background-color: #f9f9f9;\r\n}\r\n\r\n    <\/style>\r\n<\/head>\r\n<body>\r\n\r\n<div class=\"nav-bar\">\r\n  <button class=\"bar-item button active\" onclick=\"openTransport('Plane', this)\"><img decoding=\"async\" class=\"icon\" src=\"https:\/\/cuameeting.org\/wp-content\/uploads\/2024\/10\/plane-svgrepo-com.png\"><\/button>\r\n  <button class=\"bar-item button\" onclick=\"openTransport('Train', this)\"><img decoding=\"async\" class=\"icon\" src=\"https:\/\/cuameeting.org\/wp-content\/uploads\/2024\/10\/train-station-svgrepo-com.png\"><\/button>\r\n\r\n<\/div>\r\n\r\n<div id=\"Plane\" class=\"tab-content\" style=\"display: block;\">\r\n    \r\n    <p>Saskatoon est desservie par <a href=\"https:\/\/yxe.ca\/\">l\u2019A\u00e9roport international John G. Diefenbaker de Saskatoon (YXE)<\/a>, situ\u00e9 \u00e0 environ 15 minutes en voiture du centre-ville, et offrant des vols directs quotidiens vers des destinations majeures.<\/p>\r\n      <ul>\r\n  <li><a href=\"https:\/\/yxe.ca\/ground-transport\/\">Cliquez ici<\/a> pour en savoir plus sur le transport terrestre depuis et vers l\u2019a\u00e9roport (taxis, services de voiture, covoiturage, location de voitures et autobus urbain)<\/li>\r\n<li><a href=\"https:\/\/m.uber.com\/go\/home?marketing_vistor_id=de831eff-130d-40b6-9b43-f74f602313db&uclick_id=51970427-a6d7-4b59-a453-df1db56cd209\">Uber<\/a> et <a href=\"https:\/\/www.riide.ca\/\">Riide<\/a> (une compagnie de taxi locale offrant des r\u00e9servations faciles via application) sont \u00e9galement disponibles \u00e0 Saskatoon.<\/li>\r\n\r\n  <li>Les transporteurs canadiens suivants desservent Saskatoon\u00a0:<\/li>\r\n\r\n<\/ul>\r\n      <h2>Air Canada<\/h2>\r\n  <ul>\r\n  <li>La r\u00e9servation doit \u00eatre effectu\u00e9e pour la ville suivante\u00a0: Saskatoon (YXE) ;<\/li>\r\n  <li>La p\u00e9riode de voyage commence le samedi 20 juin et se termine le lundi 6 juillet 2026 ;<\/li>\r\n  <li>En Am\u00e9rique du Nord : 5 % de rabais sur les tarifs standards, 10 % sur les tarifs Flex et plus. \u00c0 l\u2019international : 10 % sur les tarifs standards et plus.<\/li>\r\n \r\n  <li>Pour r\u00e9server : rendez-vous sur <a href=\"https:\/\/www.aircanada.com\/home\/ca\/en\/aco\/flights\" style=\"text-decoration: underline; color: blue;\" target=\"_blank\" rel=\"noopener noreferrer\">Air Canada<\/a> et entrez le code promotionnel : VA468KR1<\/li>\r\n<\/ul>\r\n<br>\r\n<p><a href=\"https:\/\/www.aircanada.com\/ca\/en\/aco\/home.html\" style=\"text-decoration: underline; color: blue;\">Cliquez ici<\/a> pour faire une r\u00e9servation<\/p>\r\n  <h2>WestJet<\/h2>\r\n  <ul>\r\n  <li>La r\u00e9servation doit \u00eatre effectu\u00e9e pour la ville suivante : Saskatoon (YXE) ;<\/li>\r\n  <li>La p\u00e9riode de voyage commence le samedi 20 juin et se termine le dimanche 6 juillet 2025 ;<\/li>\r\n  <li>5 % de rabais sur les tarifs Econo, 10 % sur EconoFlex et Premium pour les voyages au Canada et aux \u00c9tats-Unis ;<\/li>\r\n  <li>Aucun rabais sur les tarifs Ultra Basic ou Classe affaires ;<\/li>\r\n  <li>Pour r\u00e9server : allez sur <a href=\"https:\/\/www.westjet.com\/en-ca\/flights\/conventions?p=1&discount=enter.code\" target=\"_blank\" rel=\"noopener noreferrer\">WestJet<\/a> et entrez les codes promotionnels :\r\n    <ul>\r\n      <li>Code Coupon (web invit\u00e9s \/ web agents de voyage) : 9Z6B9RD<\/li>\r\n      <li>Code Promo (GDS agents de voyage seulement) : YBU15<\/li>\r\n    <\/ul>\r\n  <\/li>\r\n<\/ul>\r\n<br>\r\n<p><a href=\"https:\/\/www.westjet.com\/en-ca\/flights\/conventions?p=1&discount=enter.code\">Cliquez ici<\/a> pour faire une r\u00e9servation<\/p>\r\n     <h2>Porter<\/h2>\r\n  <ul>\r\n  <li>La r\u00e9servation doit \u00eatre effectu\u00e9e pour la ville suivante : Saskatoon (YXE) ;<\/li>\r\n  <li>La p\u00e9riode de voyage commence le jeudi 25 juin et se termine le mercredi 1<sup>er<\/sup> juillet ;<\/li>\r\n  <li>Porter Airlines offre jusqu\u2019\u00e0 10 % de rabais sur les tarifs de base disponibles (sauf pour la classe la plus basse pendant une vente publique) pour les voyages \u00e0 destination et en provenance de la R\u00e9union annuelle de l\u2019AUC 2026. Les tarifs r\u00e9duits sont disponibles du 28 ao\u00fbt 2025 au 26 juin 2026.<\/li>\r\n  <li>R\u00e9servez en ligne sur <a href=\"https:\/\/www.flyporter.com\/en-ca\/?promocode=CUAM25 \" style=\"text-decoration: underline; color: blue;\" target=\"_blank\" rel=\"noopener noreferrer\">Porter<\/a> ou via votre agent de voyage avec le code promo : CUAM26<\/li>\r\n<\/ul>\r\n<br>\r\n     <h2><a href=\"https:\/\/riseair.ca\/\">Rise Air<\/a><\/h2>\r\n  <ul>\r\n  <li>Sp\u00e9cialis\u00e9e dans les liaisons avec les petites communaut\u00e9s en Saskatchewan et au Manitoba<\/li>\r\n \r\n<\/ul>\r\n\r\n<\/div>\r\n\r\n<div id=\"Train\" class=\"tab-content\" style=\"display:none\">\r\n  <h2>VIA Rail Canada<\/h2>\r\n  <p>Saskatoon dispose d\u2019une <a href=\"https:\/\/www.viarail.ca\/en?gclsrc=aw.ds&gad_source=1&gad_campaignid=22925835758&gbraid=0AAAAADymQiUdttDlXun0z7m8p3qdGnbrO&gclid=CjwKCAjw2brFBhBOEiwAVJX5GF7A1-eBW8QM2WHDX9MPO9EyZ_ZSj_XuMC6MngBX_SVqPpcVHVovsxoC8GsQAvD_BwE\">gare VIA Rail<\/a>, situ\u00e9e \u00e0 environ huit kilom\u00e8tres du centre-ville et reliant un vaste r\u00e9seau ferroviaire pancanadien.<\/p>\r\n<\/div>\r\n\r\n<script>\r\nfunction openTransport(transportType, element) {\r\n  \/\/ Cacher tout le contenu des onglets\r\n  var i;\r\n  var x = document.getElementsByClassName(\"tab-content\");\r\n  for (i = 0; i < x.length; i++) {\r\n    x[i].style.display = \"none\";  \r\n  }\r\n  \r\n  \/\/ Afficher l'onglet s\u00e9lectionn\u00e9\r\n  document.getElementById(transportType).style.display = \"block\";  \r\n\r\n  \/\/ Retirer la classe \"active\" de tous les boutons\r\n  var buttons = document.getElementsByClassName(\"bar-item\");\r\n  for (i = 0; i < buttons.length; i++) {\r\n    buttons[i].classList.remove(\"active\");\r\n  }\r\n\r\n  \/\/ Ajouter la classe \"active\" au bouton cliqu\u00e9\r\n  element.classList.add(\"active\");\r\n}\r\n\r\n<\/script>\r\n\r\n<\/body>\r\n\t\t<\/div>\n\t\t\t\t<\/div>\n\t\t\t\t\t<\/div>\n\t\t<\/div>\n\t\t\t\t\t<\/div>\n\t\t<\/section>\n\t\t\t\t<section class=\"elementor-section elementor-top-section elementor-element elementor-element-9283c5c elementor-section-full_width elementor-section-height-default elementor-section-height-default\" data-id=\"9283c5c\" data-element_type=\"section\">\n\t\t\t\t\t\t\t<div class=\"elementor-background-overlay\"><\/div>\n\t\t\t\t\t\t\t<div class=\"elementor-container elementor-column-gap-default\">\n\t\t\t\t\t<div class=\"elementor-column elementor-col-100 elementor-top-column elementor-element elementor-element-b7b7023\" data-id=\"b7b7023\" data-element_type=\"column\">\n\t\t\t<div class=\"elementor-widget-wrap elementor-element-populated\">\n\t\t\t\t\t\t<div class=\"elementor-element elementor-element-feb88f5 elementor-widget elementor-widget-text-editor\" data-id=\"feb88f5\" data-element_type=\"widget\" data-widget_type=\"text-editor.default\">\n\t\t\t\t<div class=\"elementor-widget-container\">\n\t\t\t\t\t\t\t<h3 style=\"text-align: center;\">Se d\u00e9placer \u00e0 Saskatoon<\/h3>\r\n<a style=\"text-decoration: underline; color: blue;\" href=\"https:\/\/www.discoversaskatoon.com\/plan-your-trip\/directions-getting-around\" target=\"_blank\" rel=\"noopener noreferrer\">Cliquez ici<\/a> pour en savoir plus sur les moyens de se d\u00e9placer \u00e0 Saskatoon, y compris les taxis et le covoiturage, le transport en commun,\r\n<a href=\"https:\/\/m.uber.com\/go\/home?marketing_vistor_id=de831eff-130d-40b6-9b43-f74f602313db&amp;uclick_id=51970427-a6d7-4b59-a453-df1db56cd209\">Uber<\/a>,\r\n<a href=\"https:\/\/www.riide.ca\/\">Riide<\/a>, ainsi que la location de v\u00e9los et de trottinettes.\r\n<h4>Saskatoon, ce que vous devez savoir avant de venir\u00a0!<\/h4>\r\n<h4><strong><u>Langues officielles<\/u><\/strong><\/h4>\r\n<ul>\r\n \t<li>La langue la plus parl\u00e9e est l\u2019anglais, mais le fran\u00e7ais est \u00e9galement une langue officielle.<\/li>\r\n<\/ul>\r\n<h4><strong><u>\u00c2ge l\u00e9gal pour consommer de l\u2019alcool<\/u><\/strong><\/h4>\r\n<ul>\r\n \t<li>L\u2019\u00e2ge l\u00e9gal pour consommer de l\u2019alcool est de 19 ans.<\/li>\r\n<\/ul>\r\n<h4><strong><u>Autres informations<\/u><\/strong><\/h4>\r\n<ul>\r\n \t<li>Types de prises utilis\u00e9s : A et B<\/li>\r\n \t<li>\u00c9lectricit\u00e9 : 120 V<\/li>\r\n \t<li>Monnaie : dollar canadien (C$)<\/li>\r\n \t<li>Indicatif t\u00e9l\u00e9phonique international : +1 306<\/li>\r\n \t<li>Num\u00e9ro d\u2019urgence : 911<\/li>\r\n \t<li>Heure normale de l\u2019Est (GMT &#8211; 5 heures)<\/li>\r\n<\/ul>\r\n<h4><strong><u>Taxes<\/u><\/strong><\/h4>\r\n<ul>\r\n \t<li>Une taxe de vente harmonis\u00e9e (TVH) de 13 % s\u2019applique \u00e0 la plupart des biens et services.<\/li>\r\n \t<li>\u2022 Heure normale du Centre (CST) &#8211; \u00e0 l\u2019ann\u00e9e longue. Il n\u2019y a pas de changement d\u2019heure en Saskatchewan<\/li>\r\n<\/ul>\r\n<h4><strong><u>Pourboires<\/u><\/strong><\/h4>\r\n<ul>\r\n \t<li>Un pourboire de 15 \u00e0 20% avant taxes est habituel pour un bon service. Les pourboires sont \u00e9galement courants dans les bars, salons\/spas et taxis. De nombreux restaurants peuvent appliquer automatiquement un pourboire de 15 \u00e0 18 % pour les grands groupes.<\/li>\r\n<\/ul>\t\t\t\t\t\t<\/div>\n\t\t\t\t<\/div>\n\t\t\t\t\t<\/div>\n\t\t<\/div>\n\t\t\t\t\t<\/div>\n\t\t<\/section>\n\t\t\t\t<section class=\"elementor-section elementor-top-section elementor-element elementor-element-b089c6b elementor-section-full_width elementor-section-height-default elementor-section-height-default\" data-id=\"b089c6b\" data-element_type=\"section\">\n\t\t\t\t\t\t\t<div class=\"elementor-background-overlay\"><\/div>\n\t\t\t\t\t\t\t<div class=\"elementor-container elementor-column-gap-default\">\n\t\t\t\t\t<div class=\"elementor-column elementor-col-100 elementor-top-column elementor-element elementor-element-37c911e\" data-id=\"37c911e\" data-element_type=\"column\">\n\t\t\t<div class=\"elementor-widget-wrap\">\n\t\t\t\t\t\t\t<\/div>\n\t\t<\/div>\n\t\t\t\t\t<\/div>\n\t\t<\/section>\n\t\t\t\t<\/div>\n\t\t","protected":false},"excerpt":{"rendered":"<p>Lieu Lieu des s\u00e9ances du programme scientifique, des essions \u00e9ducatives et de certaines r\u00e9unions affili\u00e9es (avec le the Delta Saskatoon Downtown) TCU Place 35 &#8211; 22 St E, Saskatoon, SK S7K 0C8 TCU Place est id\u00e9alement situ\u00e9e au c\u0153ur du centre-ville de Saskatoon et est sit\u00e9 a seulement quelques minutes de notre h\u00f4tel principal, le [&hellip;]<\/p>\n","protected":false},"author":1,"featured_media":0,"parent":0,"menu_order":0,"comment_status":"closed","ping_status":"closed","template":"elementor_header_footer","meta":{"footnotes":""},"class_list":["post-1063","page","type-page","status-publish","hentry"],"_links":{"self":[{"href":"https:\/\/cuameeting.org\/fr\/wp-json\/wp\/v2\/pages\/1063","targetHints":{"allow":["GET"]}}],"collection":[{"href":"https:\/\/cuameeting.org\/fr\/wp-json\/wp\/v2\/pages"}],"about":[{"href":"https:\/\/cuameeting.org\/fr\/wp-json\/wp\/v2\/types\/page"}],"author":[{"embeddable":true,"href":"https:\/\/cuameeting.org\/fr\/wp-json\/wp\/v2\/users\/1"}],"replies":[{"embeddable":true,"href":"https:\/\/cuameeting.org\/fr\/wp-json\/wp\/v2\/comments?post=1063"}],"version-history":[{"count":59,"href":"https:\/\/cuameeting.org\/fr\/wp-json\/wp\/v2\/pages\/1063\/revisions"}],"predecessor-version":[{"id":7508,"href":"https:\/\/cuameeting.org\/fr\/wp-json\/wp\/v2\/pages\/1063\/revisions\/7508"}],"wp:attachment":[{"href":"https:\/\/cuameeting.org\/fr\/wp-json\/wp\/v2\/media?parent=1063"}],"curies":[{"name":"wp","href":"https:\/\/api.w.org\/{rel}","templated":true}]}}