{"id":1041,"date":"2022-10-20T07:42:29","date_gmt":"2022-10-20T11:42:29","guid":{"rendered":"https:\/\/cuameeting.org\/activites-de-reseautage\/"},"modified":"2026-01-26T17:47:06","modified_gmt":"2026-01-26T21:47:06","slug":"activites-de-reseautage","status":"publish","type":"page","link":"https:\/\/cuameeting.org\/fr\/activites-de-reseautage\/","title":{"rendered":"Activit\u00e9s De R\u00e9seautage"},"content":{"rendered":"\t\t<div data-elementor-type=\"wp-page\" data-elementor-id=\"1041\" class=\"elementor elementor-1041 elementor-120\" data-elementor-post-type=\"page\">\n\t\t\t\t\t\t<section class=\"elementor-section elementor-top-section elementor-element elementor-element-a3a019e elementor-section-full_width elementor-section-height-default elementor-section-height-default\" data-id=\"a3a019e\" data-element_type=\"section\" data-settings=\"{&quot;background_background&quot;:&quot;classic&quot;,&quot;background_motion_fx_motion_fx_scrolling&quot;:&quot;yes&quot;,&quot;background_motion_fx_translateY_effect&quot;:&quot;yes&quot;,&quot;background_motion_fx_translateY_speed&quot;:{&quot;unit&quot;:&quot;px&quot;,&quot;size&quot;:4,&quot;sizes&quot;:[]},&quot;background_motion_fx_translateY_affectedRange&quot;:{&quot;unit&quot;:&quot;%&quot;,&quot;size&quot;:&quot;&quot;,&quot;sizes&quot;:{&quot;start&quot;:0,&quot;end&quot;:100}},&quot;background_motion_fx_devices&quot;:[&quot;desktop&quot;,&quot;tablet&quot;,&quot;mobile&quot;]}\">\n\t\t\t\t\t\t\t<div class=\"elementor-background-overlay\"><\/div>\n\t\t\t\t\t\t\t<div class=\"elementor-container elementor-column-gap-no\">\n\t\t\t\t\t<div class=\"elementor-column elementor-col-100 elementor-top-column elementor-element elementor-element-7e2d2ac\" data-id=\"7e2d2ac\" data-element_type=\"column\">\n\t\t\t<div class=\"elementor-widget-wrap elementor-element-populated\">\n\t\t\t\t\t\t<div class=\"elementor-element elementor-element-d366b65 elementor-invisible elementor-widget elementor-widget-heading\" data-id=\"d366b65\" data-element_type=\"widget\" data-settings=\"{&quot;_animation&quot;:&quot;fadeInUp&quot;}\" data-widget_type=\"heading.default\">\n\t\t\t\t<div class=\"elementor-widget-container\">\n\t\t\t<style>\/*! elementor - v3.19.0 - 29-01-2024 *\/\n.elementor-heading-title{padding:0;margin:0;line-height:1}.elementor-widget-heading .elementor-heading-title[class*=elementor-size-]>a{color:inherit;font-size:inherit;line-height:inherit}.elementor-widget-heading .elementor-heading-title.elementor-size-small{font-size:15px}.elementor-widget-heading .elementor-heading-title.elementor-size-medium{font-size:19px}.elementor-widget-heading .elementor-heading-title.elementor-size-large{font-size:29px}.elementor-widget-heading .elementor-heading-title.elementor-size-xl{font-size:39px}.elementor-widget-heading .elementor-heading-title.elementor-size-xxl{font-size:59px}<\/style><h1 class=\"elementor-heading-title elementor-size-default\">Activit\u00e9s De R\u00e9seautage<\/h1>\t\t<\/div>\n\t\t\t\t<\/div>\n\t\t\t\t\t<\/div>\n\t\t<\/div>\n\t\t\t\t\t<\/div>\n\t\t<\/section>\n\t\t\t\t<section class=\"elementor-section elementor-top-section elementor-element elementor-element-c730b7c elementor-section-full_width elementor-section-height-default elementor-section-height-default\" data-id=\"c730b7c\" data-element_type=\"section\">\n\t\t\t\t\t\t<div class=\"elementor-container elementor-column-gap-default\">\n\t\t\t\t\t<div class=\"elementor-column elementor-col-50 elementor-top-column elementor-element elementor-element-ea58981\" data-id=\"ea58981\" data-element_type=\"column\" data-settings=\"{&quot;background_background&quot;:&quot;classic&quot;}\">\n\t\t\t<div class=\"elementor-widget-wrap elementor-element-populated\">\n\t\t\t\t\t<div class=\"elementor-background-overlay\"><\/div>\n\t\t\t\t\t\t<div class=\"elementor-element elementor-element-2fb89e5 elementor-widget elementor-widget-image\" data-id=\"2fb89e5\" data-element_type=\"widget\" data-widget_type=\"image.default\">\n\t\t\t\t<div class=\"elementor-widget-container\">\n\t\t\t<style>\/*! elementor - v3.19.0 - 29-01-2024 *\/\n.elementor-widget-image{text-align:center}.elementor-widget-image a{display:inline-block}.elementor-widget-image a img[src$=\".svg\"]{width:48px}.elementor-widget-image img{vertical-align:middle;display:inline-block}<\/style>\t\t\t\t\t\t\t\t\t\t<img fetchpriority=\"high\" decoding=\"async\" width=\"1715\" height=\"917\" src=\"https:\/\/cuameeting.org\/wp-content\/uploads\/2025\/09\/R.jpeg\" class=\"attachment-full size-full wp-image-7517\" alt=\"\" srcset=\"https:\/\/cuameeting.org\/wp-content\/uploads\/2025\/09\/R.jpeg 1715w, https:\/\/cuameeting.org\/wp-content\/uploads\/2025\/09\/R-300x160.jpeg 300w, https:\/\/cuameeting.org\/wp-content\/uploads\/2025\/09\/R-1024x548.jpeg 1024w, https:\/\/cuameeting.org\/wp-content\/uploads\/2025\/09\/R-768x411.jpeg 768w, https:\/\/cuameeting.org\/wp-content\/uploads\/2025\/09\/R-1536x821.jpeg 1536w\" sizes=\"(max-width: 1715px) 100vw, 1715px\" \/>\t\t\t\t\t\t\t\t\t\t\t\t\t<\/div>\n\t\t\t\t<\/div>\n\t\t\t\t<section class=\"elementor-section elementor-inner-section elementor-element elementor-element-64bd9e5 elementor-section-full_width elementor-section-height-default elementor-section-height-default\" data-id=\"64bd9e5\" data-element_type=\"section\">\n\t\t\t\t\t\t<div class=\"elementor-container elementor-column-gap-default\">\n\t\t\t\t\t<div class=\"elementor-column elementor-col-100 elementor-inner-column elementor-element elementor-element-784cf2f\" data-id=\"784cf2f\" data-element_type=\"column\">\n\t\t\t<div class=\"elementor-widget-wrap elementor-element-populated\">\n\t\t\t\t\t\t<div class=\"elementor-element elementor-element-5c92845 elementor-widget elementor-widget-heading\" data-id=\"5c92845\" data-element_type=\"widget\" data-widget_type=\"heading.default\">\n\t\t\t\t<div class=\"elementor-widget-container\">\n\t\t\t<h2 class=\"elementor-heading-title elementor-size-default\">Soir\u00e9e de r\u00e9seautage de l\u2019AUC<\/h2>\t\t<\/div>\n\t\t\t\t<\/div>\n\t\t\t\t<div class=\"elementor-element elementor-element-236ee9c elementor-widget elementor-widget-text-editor\" data-id=\"236ee9c\" data-element_type=\"widget\" data-widget_type=\"text-editor.default\">\n\t\t\t\t<div class=\"elementor-widget-container\">\n\t\t\t<style>\/*! elementor - v3.19.0 - 29-01-2024 *\/\n.elementor-widget-text-editor.elementor-drop-cap-view-stacked .elementor-drop-cap{background-color:#69727d;color:#fff}.elementor-widget-text-editor.elementor-drop-cap-view-framed .elementor-drop-cap{color:#69727d;border:3px solid;background-color:transparent}.elementor-widget-text-editor:not(.elementor-drop-cap-view-default) .elementor-drop-cap{margin-top:8px}.elementor-widget-text-editor:not(.elementor-drop-cap-view-default) .elementor-drop-cap-letter{width:1em;height:1em}.elementor-widget-text-editor .elementor-drop-cap{float:left;text-align:center;line-height:1;font-size:50px}.elementor-widget-text-editor .elementor-drop-cap-letter{display:inline-block}<\/style>\t\t\t\t<h5>Inclus dans les frais d\u2019inscription | 120 $ par billet suppl\u00e9mentaire + taxe<br \/>\nCocarde requise pour acc\u00e8s au site<\/h5>\n<h3 style=\"font-family: Questrial, sans-serif; font-weight: 900; line-height: 42.012px; color: #261d62; font-size: 36px; text-transform: none; font-style: normal; letter-spacing: -1px; word-spacing: 0px;\"><span style=\"color: #ff0000;\">Samedi, 27 juin, 2026<\/span><br \/>\n<span style=\"color: #ff0000;\">19:00-23:00<\/span><\/h3>\n<p style=\"font-family: Mulish, sans-serif; font-size: 17px; font-weight: 400; letter-spacing: normal;\"><span style=\"color: #ff0000;\">Remai Modern | 102 Spadina Crescent E, Saskatoon, SK S7K 0L3<\/span><\/p>\n<p><span style=\"color: #000000;\">600m du Delta Saskatoon Downtown | Marche de 9 min<\/span><\/p>\n<p><span style=\"color: #000000;\">900m du Saskatoon Cavalier &amp; the James | Marche de 12 min<\/span><\/p>\n\t\t\t\t\t\t<\/div>\n\t\t\t\t<\/div>\n\t\t\t\t<div class=\"elementor-element elementor-element-37b2410 elementor-widget elementor-widget-text-editor\" data-id=\"37b2410\" data-element_type=\"widget\" data-widget_type=\"text-editor.default\">\n\t\t\t\t<div class=\"elementor-widget-container\">\n\t\t\t\t\t\t\t<p>Connectez-vous avec vos coll\u00e8gues et vos pairs dans un cadre inspirant o\u00f9 l\u2019art de calibre mondial rencontre la cuisine et la musique locales d\u2019exception.Profitez d\u2019une r\u00e9ception gastronomique sign\u00e9e par le restaurant Hearth et explorez des galeries d\u2019art contemporain<\/p>\n<p>Que vous retrouviez de vieux amis ou fassiez de nouvelles rencontres, joignez-vous \u00e0 nous pour c\u00e9l\u00e9brer l\u2019esprit unique de Saskatoon.#Saskatooning<\/p>\n<p>Nous avons h\u00e2te de vous accueillir pour une soir\u00e9e inoubliable<\/p>\n<p><strong><span style=\"color: #00a8cb;\">Tenue: Professionnelle \/ d\u00e9contract\u00e9e<\/span><\/strong><\/p>\n\t\t\t\t\t\t<\/div>\n\t\t\t\t<\/div>\n\t\t\t\t\t<\/div>\n\t\t<\/div>\n\t\t\t\t\t<\/div>\n\t\t<\/section>\n\t\t\t\t<div class=\"elementor-element elementor-element-77ecbf7 elementor-widget elementor-widget-spacer\" data-id=\"77ecbf7\" data-element_type=\"widget\" data-widget_type=\"spacer.default\">\n\t\t\t\t<div class=\"elementor-widget-container\">\n\t\t\t<style>\/*! elementor - v3.19.0 - 29-01-2024 *\/\n.elementor-column .elementor-spacer-inner{height:var(--spacer-size)}.e-con{--container-widget-width:100%}.e-con-inner>.elementor-widget-spacer,.e-con>.elementor-widget-spacer{width:var(--container-widget-width,var(--spacer-size));--align-self:var(--container-widget-align-self,initial);--flex-shrink:0}.e-con-inner>.elementor-widget-spacer>.elementor-widget-container,.e-con>.elementor-widget-spacer>.elementor-widget-container{height:100%;width:100%}.e-con-inner>.elementor-widget-spacer>.elementor-widget-container>.elementor-spacer,.e-con>.elementor-widget-spacer>.elementor-widget-container>.elementor-spacer{height:100%}.e-con-inner>.elementor-widget-spacer>.elementor-widget-container>.elementor-spacer>.elementor-spacer-inner,.e-con>.elementor-widget-spacer>.elementor-widget-container>.elementor-spacer>.elementor-spacer-inner{height:var(--container-widget-height,var(--spacer-size))}.e-con-inner>.elementor-widget-spacer.elementor-widget-empty,.e-con>.elementor-widget-spacer.elementor-widget-empty{position:relative;min-height:22px;min-width:22px}.e-con-inner>.elementor-widget-spacer.elementor-widget-empty .elementor-widget-empty-icon,.e-con>.elementor-widget-spacer.elementor-widget-empty .elementor-widget-empty-icon{position:absolute;top:0;bottom:0;left:0;right:0;margin:auto;padding:0;width:22px;height:22px}<\/style>\t\t<div class=\"elementor-spacer\">\n\t\t\t<div class=\"elementor-spacer-inner\"><\/div>\n\t\t<\/div>\n\t\t\t\t<\/div>\n\t\t\t\t<\/div>\n\t\t\t\t\t<\/div>\n\t\t<\/div>\n\t\t\t\t<div class=\"elementor-column elementor-col-50 elementor-top-column elementor-element elementor-element-7caa80f\" data-id=\"7caa80f\" data-element_type=\"column\" data-settings=\"{&quot;background_background&quot;:&quot;classic&quot;}\">\n\t\t\t<div class=\"elementor-widget-wrap elementor-element-populated\">\n\t\t\t\t\t<div class=\"elementor-background-overlay\"><\/div>\n\t\t\t\t\t\t<div class=\"elementor-element elementor-element-5d08494 elementor-widget elementor-widget-image\" data-id=\"5d08494\" data-element_type=\"widget\" data-widget_type=\"image.default\">\n\t\t\t\t<div class=\"elementor-widget-container\">\n\t\t\t\t\t\t\t\t\t\t\t\t\t<img decoding=\"async\" width=\"2560\" height=\"550\" src=\"https:\/\/cuameeting.org\/wp-content\/uploads\/2025\/09\/iStock-972138676-scaled-e1758746763492.jpg\" class=\"attachment-full size-full wp-image-7414\" alt=\"\" srcset=\"https:\/\/cuameeting.org\/wp-content\/uploads\/2025\/09\/iStock-972138676-scaled-e1758746763492.jpg 2560w, https:\/\/cuameeting.org\/wp-content\/uploads\/2025\/09\/iStock-972138676-scaled-e1758746763492-300x64.jpg 300w, https:\/\/cuameeting.org\/wp-content\/uploads\/2025\/09\/iStock-972138676-scaled-e1758746763492-1024x220.jpg 1024w, https:\/\/cuameeting.org\/wp-content\/uploads\/2025\/09\/iStock-972138676-scaled-e1758746763492-768x165.jpg 768w, https:\/\/cuameeting.org\/wp-content\/uploads\/2025\/09\/iStock-972138676-scaled-e1758746763492-1536x330.jpg 1536w, https:\/\/cuameeting.org\/wp-content\/uploads\/2025\/09\/iStock-972138676-scaled-e1758746763492-2048x440.jpg 2048w\" sizes=\"(max-width: 2560px) 100vw, 2560px\" \/>\t\t\t\t\t\t\t\t\t\t\t\t\t<\/div>\n\t\t\t\t<\/div>\n\t\t\t\t<section class=\"elementor-section elementor-inner-section elementor-element elementor-element-68fa6ce elementor-section-full_width elementor-section-height-default elementor-section-height-default\" data-id=\"68fa6ce\" data-element_type=\"section\">\n\t\t\t\t\t\t<div class=\"elementor-container elementor-column-gap-default\">\n\t\t\t\t\t<div class=\"elementor-column elementor-col-100 elementor-inner-column elementor-element elementor-element-3ccdaab\" data-id=\"3ccdaab\" data-element_type=\"column\">\n\t\t\t<div class=\"elementor-widget-wrap elementor-element-populated\">\n\t\t\t\t\t\t<div class=\"elementor-element elementor-element-aaf197f elementor-widget elementor-widget-heading\" data-id=\"aaf197f\" data-element_type=\"widget\" data-widget_type=\"heading.default\">\n\t\t\t\t<div class=\"elementor-widget-container\">\n\t\t\t<h2 class=\"elementor-heading-title elementor-size-default\">Soir\u00e9e libre pour explorer Saskatoon<\/h2>\t\t<\/div>\n\t\t\t\t<\/div>\n\t\t\t\t<div class=\"elementor-element elementor-element-622e69e elementor-widget elementor-widget-text-editor\" data-id=\"622e69e\" data-element_type=\"widget\" data-widget_type=\"text-editor.default\">\n\t\t\t\t<div class=\"elementor-widget-container\">\n\t\t\t\t\t\t\t<h3><span style=\"color: #ff0000;\">Dimanche, 28 juin, 2026<\/span><\/h3>\n\t\t\t\t\t\t<\/div>\n\t\t\t\t<\/div>\n\t\t\t\t<div class=\"elementor-element elementor-element-2a6cabc elementor-widget elementor-widget-text-editor\" data-id=\"2a6cabc\" data-element_type=\"widget\" data-widget_type=\"text-editor.default\">\n\t\t\t\t<div class=\"elementor-widget-container\">\n\t\t\t\t\t\t\t<p>Apr\u00e8s une journ\u00e9e riche en apprentissages et en connexions, votre soir\u00e9e est libre pour d\u00e9couvrir le meilleur de Saskatoon \u00e0 votre rythme.Que vous ayez envie d\u2019une promenade au bord de la rivi\u00e8re, d\u2019explorer la cuisine locale, d\u2019assister \u00e0 un concert ou de visiter des galeries, Saskatoon a quelque chose \u00e0 offrir \u00e0 chacun\u00b7e.Du vibrant quartier Broadway aux embl\u00e9matiques jardins du Bessborough, la ville vous invite \u00e0 vous d\u00e9tendre, vous ressourcer et partir \u00e0 la d\u00e9couverte.<\/p>\n<p><span style=\"color: #3366ff;\"><strong>Lev\u00e9e de fond pour la FBAUC mettant en vedette The Void<\/strong><\/span><\/p>\n<p>Plus d\u2019informations \u00e0 venir bient\u00f4t<\/p>\n<p><span style=\"color: #ff0000;\">\u00c9v\u00e9nement ouvert SEULEMENT aux participant\u2022e\u2022s de plus de 19 ans.<\/span><\/p>\n<p class=\"x_xmsonormal\">\n\t\t\t\t\t\t<\/div>\n\t\t\t\t<\/div>\n\t\t\t\t\t<\/div>\n\t\t<\/div>\n\t\t\t\t\t<\/div>\n\t\t<\/section>\n\t\t\t\t\t<\/div>\n\t\t<\/div>\n\t\t\t\t\t<\/div>\n\t\t<\/section>\n\t\t\t\t<section class=\"elementor-section elementor-top-section elementor-element elementor-element-6add3ec elementor-section-full_width elementor-section-height-default elementor-section-height-default\" data-id=\"6add3ec\" data-element_type=\"section\">\n\t\t\t\t\t\t<div class=\"elementor-container elementor-column-gap-default\">\n\t\t\t\t\t<div class=\"elementor-column elementor-col-33 elementor-top-column elementor-element elementor-element-61dece4\" data-id=\"61dece4\" data-element_type=\"column\">\n\t\t\t<div class=\"elementor-widget-wrap\">\n\t\t\t\t\t\t\t<\/div>\n\t\t<\/div>\n\t\t\t\t<div class=\"elementor-column elementor-col-33 elementor-top-column elementor-element elementor-element-f1e1594\" data-id=\"f1e1594\" data-element_type=\"column\" data-settings=\"{&quot;background_background&quot;:&quot;classic&quot;}\">\n\t\t\t<div class=\"elementor-widget-wrap elementor-element-populated\">\n\t\t\t\t\t<div class=\"elementor-background-overlay\"><\/div>\n\t\t\t\t\t\t<div class=\"elementor-element elementor-element-4a01d96 elementor-widget elementor-widget-image\" data-id=\"4a01d96\" data-element_type=\"widget\" data-widget_type=\"image.default\">\n\t\t\t\t<div class=\"elementor-widget-container\">\n\t\t\t\t\t\t\t\t\t\t\t\t\t<img decoding=\"async\" width=\"1280\" height=\"780\" src=\"https:\/\/cuameeting.org\/wp-content\/uploads\/2022\/10\/1.png\" class=\"attachment-full size-full wp-image-562\" alt=\"\" srcset=\"https:\/\/cuameeting.org\/wp-content\/uploads\/2022\/10\/1.png 1280w, https:\/\/cuameeting.org\/wp-content\/uploads\/2022\/10\/1-300x183.png 300w, https:\/\/cuameeting.org\/wp-content\/uploads\/2022\/10\/1-1024x624.png 1024w, https:\/\/cuameeting.org\/wp-content\/uploads\/2022\/10\/1-768x468.png 768w\" sizes=\"(max-width: 1280px) 100vw, 1280px\" \/>\t\t\t\t\t\t\t\t\t\t\t\t\t<\/div>\n\t\t\t\t<\/div>\n\t\t\t\t<section class=\"elementor-section elementor-inner-section elementor-element elementor-element-cd08a2e elementor-section-full_width elementor-section-height-default elementor-section-height-default\" data-id=\"cd08a2e\" data-element_type=\"section\">\n\t\t\t\t\t\t<div class=\"elementor-container elementor-column-gap-default\">\n\t\t\t\t\t<div class=\"elementor-column elementor-col-100 elementor-inner-column elementor-element elementor-element-bf20fc7\" data-id=\"bf20fc7\" data-element_type=\"column\">\n\t\t\t<div class=\"elementor-widget-wrap elementor-element-populated\">\n\t\t\t\t\t\t<div class=\"elementor-element elementor-element-1b982ad elementor-widget elementor-widget-heading\" data-id=\"1b982ad\" data-element_type=\"widget\" data-widget_type=\"heading.default\">\n\t\t\t\t<div class=\"elementor-widget-container\">\n\t\t\t<h2 class=\"elementor-heading-title elementor-size-default\">R\u00e9ception et banquet pr\u00e9sidentiel de l\u2019AUC<\/h2>\t\t<\/div>\n\t\t\t\t<\/div>\n\t\t\t\t<div class=\"elementor-element elementor-element-d806f6f elementor-widget elementor-widget-text-editor\" data-id=\"d806f6f\" data-element_type=\"widget\" data-widget_type=\"text-editor.default\">\n\t\t\t\t<div class=\"elementor-widget-container\">\n\t\t\t\t\t\t\t<h5><strong>Non inclus dans les frais d\u2019inscription | 175 $ par billet + taxes<\/strong><br \/>\n*R\u00e9servation requise \u2013 les places sont limit\u00e9es<\/h5>\n<h3><span style=\"color: #ff0000;\">Lundi, 29 juin, 2026<\/span><br \/>\n<span style=\"color: #ff0000;\">19:00-22:00 <\/span><\/h3>\n<h4><span style=\"color: #ff0000;\">R\u00e9ception: 19:00 &#8211; 19:45 | Banquet: 19:45 &#8211; 23:00<\/span><\/h4>\n<p><span style=\"color: #ff0000;\">Sheraton Cavalier | Salle Top of the Inn | 8e \u00e9tage<\/span><\/p>\n\t\t\t\t\t\t<\/div>\n\t\t\t\t<\/div>\n\t\t\t\t<div class=\"elementor-element elementor-element-973468a elementor-widget elementor-widget-text-editor\" data-id=\"973468a\" data-element_type=\"widget\" data-widget_type=\"text-editor.default\">\n\t\t\t\t<div class=\"elementor-widget-container\">\n\t\t\t\t\t\t\t<p>Vous \u00eates cordialement invit\u00e9\u00b7e \u00e0 une soir\u00e9e exclusive en tenue de gala (<em>Black Tie<\/em>) c\u00e9l\u00e9brant les \u00e9minents leaders de l\u2019Association urologique canadienne.<\/p>\n<p><span style=\"color: #00a8cb;\"><strong>Tenu vestimentaire: Tenue de soir\u00e9e, cravate noire<\/strong><\/span><\/p>\n\t\t\t\t\t\t<\/div>\n\t\t\t\t<\/div>\n\t\t\t\t\t<\/div>\n\t\t<\/div>\n\t\t\t\t\t<\/div>\n\t\t<\/section>\n\t\t\t\t\t<\/div>\n\t\t<\/div>\n\t\t\t\t<div class=\"elementor-column elementor-col-33 elementor-top-column elementor-element elementor-element-02d7b16\" data-id=\"02d7b16\" data-element_type=\"column\">\n\t\t\t<div class=\"elementor-widget-wrap\">\n\t\t\t\t\t\t\t<\/div>\n\t\t<\/div>\n\t\t\t\t\t<\/div>\n\t\t<\/section>\n\t\t\t\t<\/div>\n\t\t","protected":false},"excerpt":{"rendered":"<p>Activit\u00e9s De R\u00e9seautage Soir\u00e9e de r\u00e9seautage de l\u2019AUC Inclus dans les frais d\u2019inscription | 120 $ par billet suppl\u00e9mentaire + taxe Cocarde requise pour acc\u00e8s au site Samedi, 27 juin, 2026 19:00-23:00 Remai Modern | 102 Spadina Crescent E, Saskatoon, SK S7K 0L3 600m du Delta Saskatoon Downtown | Marche de 9 min 900m du [&hellip;]<\/p>\n","protected":false},"author":1,"featured_media":0,"parent":0,"menu_order":0,"comment_status":"closed","ping_status":"closed","template":"elementor_header_footer","meta":{"footnotes":""},"class_list":["post-1041","page","type-page","status-publish","hentry"],"_links":{"self":[{"href":"https:\/\/cuameeting.org\/fr\/wp-json\/wp\/v2\/pages\/1041","targetHints":{"allow":["GET"]}}],"collection":[{"href":"https:\/\/cuameeting.org\/fr\/wp-json\/wp\/v2\/pages"}],"about":[{"href":"https:\/\/cuameeting.org\/fr\/wp-json\/wp\/v2\/types\/page"}],"author":[{"embeddable":true,"href":"https:\/\/cuameeting.org\/fr\/wp-json\/wp\/v2\/users\/1"}],"replies":[{"embeddable":true,"href":"https:\/\/cuameeting.org\/fr\/wp-json\/wp\/v2\/comments?post=1041"}],"version-history":[{"count":153,"href":"https:\/\/cuameeting.org\/fr\/wp-json\/wp\/v2\/pages\/1041\/revisions"}],"predecessor-version":[{"id":7940,"href":"https:\/\/cuameeting.org\/fr\/wp-json\/wp\/v2\/pages\/1041\/revisions\/7940"}],"wp:attachment":[{"href":"https:\/\/cuameeting.org\/fr\/wp-json\/wp\/v2\/media?parent=1041"}],"curies":[{"name":"wp","href":"https:\/\/api.w.org\/{rel}","templated":true}]}}