{"id":1025,"date":"2022-10-20T07:17:58","date_gmt":"2022-10-20T11:17:58","guid":{"rendered":"https:\/\/cuameeting.org\/abstract-submission\/"},"modified":"2026-02-01T15:40:22","modified_gmt":"2026-02-01T19:40:22","slug":"abstract-submission","status":"publish","type":"page","link":"https:\/\/cuameeting.org\/fr\/abstract-submission\/","title":{"rendered":"R\u00e9sum\u00e9s"},"content":{"rendered":"\t\t<div data-elementor-type=\"wp-page\" data-elementor-id=\"1025\" class=\"elementor elementor-1025 elementor-114\" data-elementor-post-type=\"page\">\n\t\t\t\t\t\t<section class=\"elementor-section elementor-top-section elementor-element elementor-element-c4040a8 elementor-section-full_width elementor-section-height-default elementor-section-height-default\" data-id=\"c4040a8\" data-element_type=\"section\" data-settings=\"{&quot;background_background&quot;:&quot;classic&quot;,&quot;background_motion_fx_motion_fx_scrolling&quot;:&quot;yes&quot;,&quot;background_motion_fx_translateY_effect&quot;:&quot;yes&quot;,&quot;background_motion_fx_translateY_speed&quot;:{&quot;unit&quot;:&quot;px&quot;,&quot;size&quot;:4,&quot;sizes&quot;:[]},&quot;background_motion_fx_translateY_affectedRange&quot;:{&quot;unit&quot;:&quot;%&quot;,&quot;size&quot;:&quot;&quot;,&quot;sizes&quot;:{&quot;start&quot;:0,&quot;end&quot;:100}},&quot;background_motion_fx_devices&quot;:[&quot;desktop&quot;,&quot;tablet&quot;,&quot;mobile&quot;]}\">\n\t\t\t\t\t\t\t<div class=\"elementor-background-overlay\"><\/div>\n\t\t\t\t\t\t\t<div class=\"elementor-container elementor-column-gap-no\">\n\t\t\t\t\t<div class=\"elementor-column elementor-col-100 elementor-top-column elementor-element elementor-element-704b6e6\" data-id=\"704b6e6\" data-element_type=\"column\">\n\t\t\t<div class=\"elementor-widget-wrap elementor-element-populated\">\n\t\t\t\t\t\t<div class=\"elementor-element elementor-element-2228747 elementor-invisible elementor-widget elementor-widget-heading\" data-id=\"2228747\" data-element_type=\"widget\" data-settings=\"{&quot;_animation&quot;:&quot;fadeInUp&quot;}\" data-widget_type=\"heading.default\">\n\t\t\t\t<div class=\"elementor-widget-container\">\n\t\t\t<style>\/*! elementor - v3.19.0 - 29-01-2024 *\/\n.elementor-heading-title{padding:0;margin:0;line-height:1}.elementor-widget-heading .elementor-heading-title[class*=elementor-size-]>a{color:inherit;font-size:inherit;line-height:inherit}.elementor-widget-heading .elementor-heading-title.elementor-size-small{font-size:15px}.elementor-widget-heading .elementor-heading-title.elementor-size-medium{font-size:19px}.elementor-widget-heading .elementor-heading-title.elementor-size-large{font-size:29px}.elementor-widget-heading .elementor-heading-title.elementor-size-xl{font-size:39px}.elementor-widget-heading .elementor-heading-title.elementor-size-xxl{font-size:59px}<\/style><h1 class=\"elementor-heading-title elementor-size-default\">R\u00e9sum\u00e9s<\/h1>\t\t<\/div>\n\t\t\t\t<\/div>\n\t\t\t\t\t<\/div>\n\t\t<\/div>\n\t\t\t\t\t<\/div>\n\t\t<\/section>\n\t\t\t\t<section class=\"elementor-section elementor-top-section elementor-element elementor-element-c2e458f elementor-section-boxed elementor-section-height-default elementor-section-height-default\" data-id=\"c2e458f\" data-element_type=\"section\">\n\t\t\t\t\t\t<div class=\"elementor-container elementor-column-gap-default\">\n\t\t\t\t\t<div class=\"elementor-column elementor-col-100 elementor-top-column elementor-element elementor-element-6d10551\" data-id=\"6d10551\" data-element_type=\"column\">\n\t\t\t<div class=\"elementor-widget-wrap elementor-element-populated\">\n\t\t\t\t\t\t<div class=\"elementor-element elementor-element-3977fad elementor-button-info elementor-align-center hidden-temp elementor-widget elementor-widget-button\" data-id=\"3977fad\" data-element_type=\"widget\" data-widget_type=\"button.default\">\n\t\t\t\t<div class=\"elementor-widget-container\">\n\t\t\t\t\t<div class=\"elementor-button-wrapper\">\n\t\t\t<a class=\"elementor-button elementor-button-link elementor-size-lg\" href=\"https:\/\/cuameeting.org\/wp-content\/uploads\/2024\/10\/Abstract-Submission-2025_02.pdf\" target=\"_blank\">\n\t\t\t\t\t\t<span class=\"elementor-button-content-wrapper\">\n\t\t\t\t\t\t<span class=\"elementor-button-icon elementor-align-icon-left\">\n\t\t\t\t<i aria-hidden=\"true\" class=\"fab fa-readme\"><\/i>\t\t\t<\/span>\n\t\t\t\t\t\t<span class=\"elementor-button-text\">SUBMISSION GUIDELINES<\/span>\n\t\t<\/span>\n\t\t\t\t\t<\/a>\n\t\t<\/div>\n\t\t\t\t<\/div>\n\t\t\t\t<\/div>\n\t\t\t\t\t<\/div>\n\t\t<\/div>\n\t\t\t\t\t<\/div>\n\t\t<\/section>\n\t\t\t\t<section class=\"elementor-section elementor-top-section elementor-element elementor-element-871d5cb elementor-section-boxed elementor-section-height-default elementor-section-height-default\" data-id=\"871d5cb\" data-element_type=\"section\">\n\t\t\t\t\t\t<div class=\"elementor-container elementor-column-gap-default\">\n\t\t\t\t\t<div class=\"elementor-column elementor-col-100 elementor-top-column elementor-element elementor-element-73767b5\" data-id=\"73767b5\" data-element_type=\"column\">\n\t\t\t<div class=\"elementor-widget-wrap elementor-element-populated\">\n\t\t\t\t\t\t<div class=\"elementor-element elementor-element-c841a69 elementor-widget elementor-widget-text-editor\" data-id=\"c841a69\" data-element_type=\"widget\" data-widget_type=\"text-editor.default\">\n\t\t\t\t<div class=\"elementor-widget-container\">\n\t\t\t<style>\/*! elementor - v3.19.0 - 29-01-2024 *\/\n.elementor-widget-text-editor.elementor-drop-cap-view-stacked .elementor-drop-cap{background-color:#69727d;color:#fff}.elementor-widget-text-editor.elementor-drop-cap-view-framed .elementor-drop-cap{color:#69727d;border:3px solid;background-color:transparent}.elementor-widget-text-editor:not(.elementor-drop-cap-view-default) .elementor-drop-cap{margin-top:8px}.elementor-widget-text-editor:not(.elementor-drop-cap-view-default) .elementor-drop-cap-letter{width:1em;height:1em}.elementor-widget-text-editor .elementor-drop-cap{float:left;text-align:center;line-height:1;font-size:50px}.elementor-widget-text-editor .elementor-drop-cap-letter{display:inline-block}<\/style>\t\t\t\t<p>Le site de soumissions de r\u00e9sum\u00e9s ouvrira le <span style=\"color: #ff0000;\"><strong>vendredi 31 octobre 2025<\/strong><\/span>. POUR T\u00c9L\u00c9CHARGER VOTRE (VOS) R\u00c9SUM\u00c9(S) POUR L\u2019AUC 2026, RENDEZ-VOUS SUR :<br \/><a href=\"https:\/\/cua-meeting.eventmgnt.com\/login\/22\"><strong>https:\/\/cua-meeting.eventmgnt.com\/login<\/strong><\/a>. Assurez-vous que l\u2019AUC 2026 est l\u2019\u00e9v\u00e9nement montrant dans la fen\u00eatre \u201cMes \u00e9v\u00e9nements enregistr\u00e9s\u201d en haut de la page.<\/p><p>Si vous avez soumis des r\u00e9sum\u00e9s et\/ou vous \u00eates inscrit \u00e0 la r\u00e9union annuelle de l\u2019AUC 2024 et\/ou 2025, vous pouvez utiliser le m\u00eame adresse de courriel et le m\u00eame mot de passe. Si ce n\u2019est pas le cas, veuillez cr\u00e9er un nouveau compte en utilisant\u00a0la m\u00eame adresse de courriel que celle utilis\u00e9e pour cr\u00e9er votre compte de membre de l\u2019AUC,<br \/>le cas \u00e9ch\u00e9ant.<\/p>\t\t\t\t\t\t<\/div>\n\t\t\t\t<\/div>\n\t\t\t\t<div class=\"elementor-element elementor-element-ff975c1 elementor-button-info elementor-align-center elementor-widget elementor-widget-button\" data-id=\"ff975c1\" data-element_type=\"widget\" data-widget_type=\"button.default\">\n\t\t\t\t<div class=\"elementor-widget-container\">\n\t\t\t\t\t<div class=\"elementor-button-wrapper\">\n\t\t\t<a class=\"elementor-button elementor-button-link elementor-size-sm\" href=\"https:\/\/www.cua.org\/sites\/default\/files\/Professional-Development\/MEETINGS\/2026\/Abstract%20SubmissionFR%202026_04.pdf\">\n\t\t\t\t\t\t<span class=\"elementor-button-content-wrapper\">\n\t\t\t\t\t\t<span class=\"elementor-button-text\">T\u00e9l\u00e9chargez les directives de soumission des r\u00e9sum\u00e9s<\/span>\n\t\t<\/span>\n\t\t\t\t\t<\/a>\n\t\t<\/div>\n\t\t\t\t<\/div>\n\t\t\t\t<\/div>\n\t\t\t\t\t<\/div>\n\t\t<\/div>\n\t\t\t\t\t<\/div>\n\t\t<\/section>\n\t\t\t\t<section class=\"elementor-section elementor-top-section elementor-element elementor-element-2a570a1 elementor-section-boxed elementor-section-height-default elementor-section-height-default\" data-id=\"2a570a1\" data-element_type=\"section\">\n\t\t\t\t\t\t<div class=\"elementor-container elementor-column-gap-default\">\n\t\t\t\t\t<div class=\"elementor-column elementor-col-100 elementor-top-column elementor-element elementor-element-8d2f209\" data-id=\"8d2f209\" data-element_type=\"column\">\n\t\t\t<div class=\"elementor-widget-wrap elementor-element-populated\">\n\t\t\t\t\t\t<div class=\"elementor-element elementor-element-95e61d1 elementor-widget elementor-widget-html\" data-id=\"95e61d1\" data-element_type=\"widget\" data-widget_type=\"html.default\">\n\t\t\t\t<div class=\"elementor-widget-container\">\n\t\t\t<div style=\"display: flex; justify-content: center;\">\r\n  <table style=\"border-collapse: collapse; width: 100%; max-width: 700px; font-family: Arial, sans-serif;\">\r\n    <tr>\r\n      <td style=\"padding: 8px 0; text-align: left; border: none;\">\r\n        <h5 style=\"margin: 0; color: red;\">DATES \u00c0 RETENIR<\/h5>\r\n      <\/td>\r\n      <td style=\"padding: 8px 0; text-align: right; border: none;\">\r\n        <h5 style=\"margin: 0;\"><\/h5>\r\n      <\/td>\r\n    <\/tr>\r\n    <tr>\r\n      <td style=\"padding: 8px 0; text-align: left; border: none;\">\r\n        <h5 style=\"margin: 0;\">Ouverture des soumissions de r\u00e9sum\u00e9s<\/h5>\r\n      <\/td>\r\n      <td style=\"padding: 8px 0; text-align: right; border: none;\">\r\n        <h5 style=\"margin: 0;\">31 octobre 2025<\/h5>\r\n      <\/td>\r\n    <\/tr>\r\n    <tr>\r\n      <td style=\"padding: 8px 0; text-align: left; border: none;\">\r\n        <h5 style=\"margin: 0;\">Date limite de soumission de r\u00e9sum\u00e9s<\/h5>\r\n      <\/td>\r\n      <td style=\"padding: 8px 0; text-align: right; border: none;\">\r\n        <h5 style=\"margin: 0;\">11 janvier 2026<\/h5>\r\n      <\/td>\r\n    <\/tr>\r\n    <tr>\r\n      <td style=\"padding: 8px 0; text-align: left; border: none;\">\r\n        <h5 style=\"margin: 0;\">Date limite pour les r\u00e9sum\u00e9s de derni\u00e8re minute<\/h5>\r\n      <\/td>\r\n      <td style=\"padding: 8px 0; text-align: right; border: none;\">\r\n        <h5 style=\"margin: 0;\">5 mars 2026<\/h5>\r\n      <\/td>\r\n    <\/tr>\r\n    <tr>\r\n      <td style=\"padding: 8px 0; text-align: left; border: none;\">\r\n        <h5 style=\"margin: 0;\">Date limite pour le prix de la meilleure dissertation<\/h5>\r\n      <\/td>\r\n      <td style=\"padding: 8px 0; text-align: right; border: none;\">\r\n        <h5 style=\"margin: 0;\">16 mars 2026<\/h5>\r\n      <\/td>\r\n    <\/tr>\r\n  <\/table>\r\n<\/div>\r\n\t\t<\/div>\n\t\t\t\t<\/div>\n\t\t\t\t\t<\/div>\n\t\t<\/div>\n\t\t\t\t\t<\/div>\n\t\t<\/section>\n\t\t\t\t<\/div>\n\t\t","protected":false},"excerpt":{"rendered":"<p>R\u00e9sum\u00e9s SUBMISSION GUIDELINES Le site de soumissions de r\u00e9sum\u00e9s ouvrira le vendredi 31 octobre 2025. POUR T\u00c9L\u00c9CHARGER VOTRE (VOS) R\u00c9SUM\u00c9(S) POUR L\u2019AUC 2026, RENDEZ-VOUS SUR :https:\/\/cua-meeting.eventmgnt.com\/login. Assurez-vous que l\u2019AUC 2026 est l\u2019\u00e9v\u00e9nement montrant dans la fen\u00eatre \u201cMes \u00e9v\u00e9nements enregistr\u00e9s\u201d en haut de la page. Si vous avez soumis des r\u00e9sum\u00e9s et\/ou vous \u00eates inscrit \u00e0 [&hellip;]<\/p>\n","protected":false},"author":1,"featured_media":0,"parent":0,"menu_order":0,"comment_status":"closed","ping_status":"closed","template":"elementor_header_footer","meta":{"footnotes":""},"class_list":["post-1025","page","type-page","status-publish","hentry"],"_links":{"self":[{"href":"https:\/\/cuameeting.org\/fr\/wp-json\/wp\/v2\/pages\/1025","targetHints":{"allow":["GET"]}}],"collection":[{"href":"https:\/\/cuameeting.org\/fr\/wp-json\/wp\/v2\/pages"}],"about":[{"href":"https:\/\/cuameeting.org\/fr\/wp-json\/wp\/v2\/types\/page"}],"author":[{"embeddable":true,"href":"https:\/\/cuameeting.org\/fr\/wp-json\/wp\/v2\/users\/1"}],"replies":[{"embeddable":true,"href":"https:\/\/cuameeting.org\/fr\/wp-json\/wp\/v2\/comments?post=1025"}],"version-history":[{"count":119,"href":"https:\/\/cuameeting.org\/fr\/wp-json\/wp\/v2\/pages\/1025\/revisions"}],"predecessor-version":[{"id":7974,"href":"https:\/\/cuameeting.org\/fr\/wp-json\/wp\/v2\/pages\/1025\/revisions\/7974"}],"wp:attachment":[{"href":"https:\/\/cuameeting.org\/fr\/wp-json\/wp\/v2\/media?parent=1025"}],"curies":[{"name":"wp","href":"https:\/\/api.w.org\/{rel}","templated":true}]}}